{"id":21,"date":"2020-04-01T13:42:21","date_gmt":"2020-04-01T12:42:21","guid":{"rendered":"https:\/\/demosites.io\/pet-shop-gb\/my-account\/"},"modified":"2024-04-25T22:21:32","modified_gmt":"2024-04-25T21:21:32","slug":"my-account","status":"publish","type":"page","link":"https:\/\/admarket.entireweb.com\/sv\/my-account\/","title":{"rendered":"Mitt konto"},"content":{"rendered":"<div data-elementor-type=\"wp-page\" data-elementor-id=\"21\" class=\"elementor elementor-21\">\n\t\t\t\t\t\t<section class=\"elementor-section elementor-top-section elementor-element elementor-element-63b448fe elementor-section-boxed elementor-section-height-default elementor-section-height-default\" data-id=\"63b448fe\" data-element_type=\"section\">\n\t\t\t\t\t\t<div class=\"elementor-container elementor-column-gap-default\">\n\t\t\t\t\t<div class=\"elementor-column elementor-col-100 elementor-top-column elementor-element elementor-element-5b43eb8a\" data-id=\"5b43eb8a\" data-element_type=\"column\">\n\t\t\t<div class=\"elementor-widget-wrap elementor-element-populated\">\n\t\t\t\t\t\t<div class=\"elementor-element elementor-element-41d3bb04 elementor-widget elementor-widget-text-editor\" data-id=\"41d3bb04\" data-element_type=\"widget\" data-widget_type=\"text-editor.default\">\n\t\t\t\t<div class=\"elementor-widget-container\">\n\t\t\t\t\t\t\t<!-- wp:shortcode -->\n<div class=\"woocommerce\"><div class=\"woocommerce-notices-wrapper\"><\/div>\n\n<div class=\"u-columns col2-set\" id=\"customer_login\">\n\n\t<div class=\"u-column1 col-1\">\n\n\n\t\t<h2 data-no-translation=\"\" data-trp-gettext=\"\">Logga in<\/h2>\n\n\t\t<form class=\"woocommerce-form woocommerce-form-login login\" method=\"post\" novalidate>\n\n\t\t\t\n\t\t\t<p class=\"woocommerce-form-row woocommerce-form-row--wide form-row form-row-wide\">\n\t\t\t\t<label for=\"username\">Anv\u00e4ndarnamn eller e-postadress&nbsp;<span class=\"required\" aria-hidden=\"true\">*<\/span><span class=\"screen-reader-text\" data-no-translation=\"\" data-trp-gettext=\"\">Obligatoriskt<\/span><\/label>\n\t\t\t\t<input type=\"text\" class=\"woocommerce-Input woocommerce-Input--text input-text\" name=\"username\" id=\"username\" autocomplete=\"username\" value=\"\" required aria-required=\"true\" \/>\t\t\t<\/p>\n\t\t\t<p class=\"woocommerce-form-row woocommerce-form-row--wide form-row form-row-wide\">\n\t\t\t\t<label for=\"password\">L\u00f6senord&nbsp;<span class=\"required\" aria-hidden=\"true\">*<\/span><span class=\"screen-reader-text\" data-no-translation=\"\" data-trp-gettext=\"\">Obligatoriskt<\/span><\/label>\n\t\t\t\t<input class=\"woocommerce-Input woocommerce-Input--text input-text\" type=\"password\" name=\"password\" id=\"password\" autocomplete=\"current-password\" required aria-required=\"true\" \/>\n\t\t\t<\/p>\n\n\t\t\t\n\t\t\t<p class=\"form-row\">\n\t\t\t\t<label class=\"woocommerce-form__label woocommerce-form__label-for-checkbox woocommerce-form-login__rememberme\">\n\t\t\t\t\t<input class=\"woocommerce-form__input woocommerce-form__input-checkbox\" name=\"rememberme\" type=\"checkbox\" id=\"rememberme\" value=\"forever\" \/> <span data-no-translation=\"\" data-trp-gettext=\"\">Kom ih\u00e5g mig<\/span>\n\t\t\t\t<\/label>\n\t\t\t\t<input type=\"hidden\" id=\"woocommerce-login-nonce\" name=\"woocommerce-login-nonce\" value=\"71a08af24a\" \/><input type=\"hidden\" name=\"_wp_http_referer\" value=\"\/sv\/wp-json\/wp\/v2\/pages\/21\" \/>\t\t\t\t<button type=\"submit\" class=\"woocommerce-button button woocommerce-form-login__submit\" name=\"login\" value=\"Logga in\" data-no-translation=\"\" data-trp-gettext=\"\" data-no-translation-value=\"\">Logga in<\/button>\n\t\t\t<\/p>\n\t\t\t<p class=\"woocommerce-LostPassword lost_password\">\n\t\t\t\t<a href=\"https:\/\/admarket.entireweb.com\/sv\/my-account\/lost-password\/\" data-no-translation=\"\" data-trp-gettext=\"\">Gl\u00f6mt ditt l\u00f6senord?<\/a>\n\t\t\t<\/p>\n\n\t\t\t\n\t\t<input type=\"hidden\" name=\"trp-form-language\" value=\"sv\"\/><\/form>\n\n\n\t<\/div>\n\n\t<div class=\"u-column2 col-2\">\n\n\t\t<h2 data-no-translation=\"\" data-trp-gettext=\"\">Registrera<\/h2>\n\n\t\t<form method=\"post\" class=\"woocommerce-form woocommerce-form-register register\"  >\n\n\t\t\t\n\t\t\t\n\t\t\t<p class=\"woocommerce-form-row woocommerce-form-row--wide form-row form-row-wide\">\n\t\t\t\t<label for=\"reg_email\">E-postadress&nbsp;<span class=\"required\" aria-hidden=\"true\">*<\/span><span class=\"screen-reader-text\" data-no-translation=\"\" data-trp-gettext=\"\">Obligatoriskt<\/span><\/label>\n\t\t\t\t<input type=\"email\" class=\"woocommerce-Input woocommerce-Input--text input-text\" name=\"email\" id=\"reg_email\" autocomplete=\"email\" value=\"\" required aria-required=\"true\" \/>\t\t\t<\/p>\n\n\t\t\t\n\t\t\t\t<p class=\"woocommerce-form-row woocommerce-form-row--wide form-row form-row-wide\">\n\t\t\t\t\t<label for=\"reg_password\">L\u00f6senord&nbsp;<span class=\"required\" aria-hidden=\"true\">*<\/span><span class=\"screen-reader-text\" data-no-translation=\"\" data-trp-gettext=\"\">Obligatoriskt<\/span><\/label>\n\t\t\t\t\t<input type=\"password\" class=\"woocommerce-Input woocommerce-Input--text input-text\" name=\"password\" id=\"reg_password\" autocomplete=\"new-password\" required aria-required=\"true\" \/>\n\t\t\t\t<\/p>\n\n\t\t\t\n\t\t\t<wc-order-attribution-inputs><\/wc-order-attribution-inputs><div class=\"woocommerce-privacy-policy-text\"><p>Dina personuppgifter kommer att anv\u00e4ndas f\u00f6r att st\u00f6dja din upplevelse p\u00e5 hela denna webbplats, f\u00f6r att hantera \u00e5tkomst till ditt konto och f\u00f6r andra \u00e4ndam\u00e5l som beskrivs i v\u00e5r <a href=\"https:\/\/www.entireweb.com\/about\/privacy\/\">privatliv<\/a>.<\/p>\n<\/div>\n\t\t\t<p class=\"woocommerce-form-row form-row\">\n\t\t\t\t<input type=\"hidden\" id=\"woocommerce-register-nonce\" name=\"woocommerce-register-nonce\" value=\"38a3d2cb5d\" \/><input type=\"hidden\" name=\"_wp_http_referer\" value=\"\/sv\/wp-json\/wp\/v2\/pages\/21\" \/>\t\t\t\t<button type=\"submit\" class=\"woocommerce-Button woocommerce-button button woocommerce-form-register__submit\" name=\"register\" value=\"Registrera\" data-no-translation=\"\" data-trp-gettext=\"\" data-no-translation-value=\"\">Registrera<\/button>\n\t\t\t<\/p>\n\n\t\t\t\n\t\t<input type=\"hidden\" name=\"trp-form-language\" value=\"sv\"\/><\/form>\n\n\t<\/div>\n\n<\/div>\n\n<\/div>\n<!-- \/wp:shortcode -->\t\t\t\t\t\t<\/div>\n\t\t\t\t<\/div>\n\t\t\t\t\t<\/div>\n\t\t<\/div>\n\t\t\t\t\t<\/div>\n\t\t<\/section>\n\t\t\t\t<section class=\"elementor-section elementor-top-section elementor-element elementor-element-646e57d elementor-section-boxed elementor-section-height-default elementor-section-height-default\" data-id=\"646e57d\" data-element_type=\"section\">\n\t\t\t\t\t\t<div class=\"elementor-container elementor-column-gap-default\">\n\t\t\t\t\t<div class=\"elementor-column elementor-col-100 elementor-top-column elementor-element elementor-element-321fd9c\" data-id=\"321fd9c\" data-element_type=\"column\">\n\t\t\t<div class=\"elementor-widget-wrap elementor-element-populated\">\n\t\t\t\t\t\t<div class=\"elementor-element elementor-element-dc28283 elementor-widget elementor-widget-eael-woo-cart\" data-id=\"dc28283\" data-element_type=\"widget\" data-settings=\"{&quot;eael_woo_cart_components_continue_shopping_icon&quot;:{&quot;value&quot;:&quot;fas fa-chevron-left&quot;,&quot;library&quot;:&quot;fa-solid&quot;}}\" data-widget_type=\"eael-woo-cart.default\">\n\t\t\t\t<div class=\"elementor-widget-container\">\n\t\t\t\t\t\t\t<div class=\"eael-woo-cart-wrapper eael-woo-cart-empty eael-woo-default eael-auto-update33\">\n\t\t\t\t<div class=\"woocommerce-notices-wrapper\"><\/div><div class=\"wc-empty-cart-message\">\n\t<div class=\"cart-empty woocommerce-info\">\n\t\tDin varukorg \u00e4r f\u00f6r n\u00e4rvarande tom.\t<\/div>\n<\/div>\t<p class=\"return-to-shop\">\n\t\t<a class=\"button wc-backward\" href=\"https:\/\/admarket.entireweb.com\/sv\/shop\/\">\n\t\t\tG\u00e5 tillbaka till butiken\t\t<\/a>\n\t<\/p>\n                <\/div>\n\t\t\t\t        <script>document.body.classList.add(\"eael-woo-cart\");<\/script>\n\t\t\t\t<\/div>\n\t\t\t\t<\/div>\n\t\t\t\t\t<\/div>\n\t\t<\/div>\n\t\t\t\t\t<\/div>\n\t\t<\/section>\n\t\t\t\t<\/div>","protected":false},"excerpt":{"rendered":"<p>Produkt(er) i din varukorg Pris Totalt 1 SpeedyLinks \u2013 L\u00e4nkinfogning Ange din webbsida: https:\/\/www.test.com Nyckelord\/fras: test $75.00 $75.00 Kupong: Anv\u00e4nd kupong Forts\u00e4tt Shopping Update Varukorg Delsumma $75.00 Forts\u00e4tt till utcheckningen<\/p>","protected":false},"author":1,"featured_media":0,"parent":0,"menu_order":0,"comment_status":"closed","ping_status":"closed","template":"template-full-width.php","meta":{"_themeisle_gutenberg_block_has_review":false,"footnotes":""},"class_list":["post-21","page","type-page","status-publish","hentry"],"jetpack_sharing_enabled":true,"_links":{"self":[{"href":"https:\/\/admarket.entireweb.com\/sv\/wp-json\/wp\/v2\/pages\/21","targetHints":{"allow":["GET"]}}],"collection":[{"href":"https:\/\/admarket.entireweb.com\/sv\/wp-json\/wp\/v2\/pages"}],"about":[{"href":"https:\/\/admarket.entireweb.com\/sv\/wp-json\/wp\/v2\/types\/page"}],"author":[{"embeddable":true,"href":"https:\/\/admarket.entireweb.com\/sv\/wp-json\/wp\/v2\/users\/1"}],"replies":[{"embeddable":true,"href":"https:\/\/admarket.entireweb.com\/sv\/wp-json\/wp\/v2\/comments?post=21"}],"version-history":[{"count":6,"href":"https:\/\/admarket.entireweb.com\/sv\/wp-json\/wp\/v2\/pages\/21\/revisions"}],"predecessor-version":[{"id":11538,"href":"https:\/\/admarket.entireweb.com\/sv\/wp-json\/wp\/v2\/pages\/21\/revisions\/11538"}],"wp:attachment":[{"href":"https:\/\/admarket.entireweb.com\/sv\/wp-json\/wp\/v2\/media?parent=21"}],"curies":[{"name":"wp","href":"https:\/\/api.w.org\/{rel}","templated":true}]}}