{"id":6617,"date":"2023-02-28T22:57:33","date_gmt":"2023-02-28T21:57:33","guid":{"rendered":"https:\/\/admarket.entireweb.com\/?page_id=6617"},"modified":"2025-07-14T14:01:30","modified_gmt":"2025-07-14T13:01:30","slug":"top-banner-ad","status":"publish","type":"page","link":"https:\/\/admarket.entireweb.com\/sv\/top-banner-ad\/","title":{"rendered":"Entireweb Articles \u2013 Toppbanner p\u00e5 alla sidor"},"content":{"rendered":"<div data-elementor-type=\"wp-page\" data-elementor-id=\"6617\" class=\"elementor elementor-6617\">\n\t\t\t\t\t\t<section class=\"elementor-section elementor-top-section elementor-element elementor-element-600dc714 elementor-section-height-min-height elementor-section-items-stretch elementor-section-content-middle elementor-section-full_width elementor-section-height-default\" data-id=\"600dc714\" data-element_type=\"section\" data-settings=\"{&quot;background_background&quot;:&quot;classic&quot;}\">\n\t\t\t\t\t\t<div class=\"elementor-container elementor-column-gap-no\">\n\t\t\t\t\t<div class=\"elementor-column elementor-col-50 elementor-top-column elementor-element elementor-element-589b5d42\" data-id=\"589b5d42\" data-element_type=\"column\">\n\t\t\t<div class=\"elementor-widget-wrap elementor-element-populated\">\n\t\t\t\t\t\t<div class=\"elementor-element elementor-element-19496a64 elementor-widget elementor-widget-heading\" data-id=\"19496a64\" data-element_type=\"widget\" data-widget_type=\"heading.default\">\n\t\t\t\t<div class=\"elementor-widget-container\">\n\t\t\t<h1 class=\"elementor-heading-title elementor-size-default\">Bannerannonsering p\u00e5 hela webbartiklar<\/h1>\t\t<\/div>\n\t\t\t\t<\/div>\n\t\t\t\t<div class=\"elementor-element elementor-element-368c930d elementor-widget elementor-widget-text-editor\" data-id=\"368c930d\" data-element_type=\"widget\" data-widget_type=\"text-editor.default\">\n\t\t\t\t<div class=\"elementor-widget-container\">\n\t\t\t\t\t\t\t<p>Med \u00f6ver 20 000 artiklar p\u00e5 v\u00e5r plattform attraherar vi en betydande m\u00e4ngd v\u00e4rdefull trafik, vilket ger den perfekta m\u00f6jligheten att visa upp ditt varum\u00e4rke f\u00f6r en mycket engagerad publik.<\/p>\t\t\t\t\t\t<\/div>\n\t\t\t\t<\/div>\n\t\t\t\t<div class=\"elementor-element elementor-element-64b46029 elementor-mobile-align-center elementor-align-left elementor-widget elementor-widget-button\" data-id=\"64b46029\" data-element_type=\"widget\" data-widget_type=\"button.default\">\n\t\t\t\t<div class=\"elementor-widget-container\">\n\t\t\t\t\t<div class=\"elementor-button-wrapper\">\n\t\t\t<a class=\"elementor-button elementor-button-link elementor-size-sm\" href=\"https:\/\/articles.entireweb.com\" target=\"_blank\">\n\t\t\t\t\t\t<span class=\"elementor-button-content-wrapper\">\n\t\t\t\t\t\t\t\t\t<span class=\"elementor-button-text\">Klicka f\u00f6r att se v\u00e5ra artiklar!<\/span>\n\t\t\t\t\t<\/span>\n\t\t\t\t\t<\/a>\n\t\t<\/div>\n\t\t\t\t<\/div>\n\t\t\t\t<\/div>\n\t\t\t\t\t<\/div>\n\t\t<\/div>\n\t\t\t\t<div class=\"elementor-column elementor-col-50 elementor-top-column elementor-element elementor-element-1d067487\" data-id=\"1d067487\" data-element_type=\"column\">\n\t\t\t<div class=\"elementor-widget-wrap elementor-element-populated\">\n\t\t\t\t\t\t<div class=\"elementor-element elementor-element-4bfad4ac elementor-widget elementor-widget-image\" data-id=\"4bfad4ac\" data-element_type=\"widget\" data-widget_type=\"image.default\">\n\t\t\t\t<div class=\"elementor-widget-container\">\n\t\t\t\t\t\t\t\t\t\t\t\t\t<img fetchpriority=\"high\" decoding=\"async\" width=\"870\" height=\"882\" src=\"https:\/\/admarket.entireweb.com\/wp-content\/uploads\/2023\/02\/2880x2921-top-article-banner-1010x1024.jpg\" class=\"attachment-large size-large wp-image-6620\" alt=\"Banner Advertising\" srcset=\"https:\/\/admarket.entireweb.com\/wp-content\/uploads\/2023\/02\/2880x2921-top-article-banner-1010x1024.jpg 1010w, https:\/\/admarket.entireweb.com\/wp-content\/uploads\/2023\/02\/2880x2921-top-article-banner-296x300.jpg 296w, https:\/\/admarket.entireweb.com\/wp-content\/uploads\/2023\/02\/2880x2921-top-article-banner-768x779.jpg 768w, https:\/\/admarket.entireweb.com\/wp-content\/uploads\/2023\/02\/2880x2921-top-article-banner-1514x1536.jpg 1514w, https:\/\/admarket.entireweb.com\/wp-content\/uploads\/2023\/02\/2880x2921-top-article-banner-2019x2048.jpg 2019w, https:\/\/admarket.entireweb.com\/wp-content\/uploads\/2023\/02\/2880x2921-top-article-banner-12x12.jpg 12w, https:\/\/admarket.entireweb.com\/wp-content\/uploads\/2023\/02\/2880x2921-top-article-banner-600x609.jpg 600w, https:\/\/admarket.entireweb.com\/wp-content\/uploads\/2023\/02\/2880x2921-top-article-banner-100x100.jpg 100w\" sizes=\"(max-width: 870px) 100vw, 870px\" \/>\t\t\t\t\t\t\t\t\t\t\t\t\t<\/div>\n\t\t\t\t<\/div>\n\t\t\t\t\t<\/div>\n\t\t<\/div>\n\t\t\t\t\t<\/div>\n\t\t<\/section>\n\t\t\t\t<section class=\"elementor-section elementor-top-section elementor-element elementor-element-1b5fd0b elementor-section-content-middle elementor-reverse-tablet elementor-reverse-mobile elementor-section-full_width elementor-section-height-default elementor-section-height-default\" data-id=\"1b5fd0b\" data-element_type=\"section\">\n\t\t\t\t\t\t<div class=\"elementor-container elementor-column-gap-no\">\n\t\t\t\t\t<div class=\"elementor-column elementor-col-100 elementor-top-column elementor-element elementor-element-80cd98a\" data-id=\"80cd98a\" data-element_type=\"column\">\n\t\t\t<div class=\"elementor-widget-wrap elementor-element-populated\">\n\t\t\t\t\t\t<div class=\"elementor-element elementor-element-f0cc50d elementor-widget elementor-widget-heading\" data-id=\"f0cc50d\" data-element_type=\"widget\" data-widget_type=\"heading.default\">\n\t\t\t\t<div class=\"elementor-widget-container\">\n\t\t\t<h2 class=\"elementor-heading-title elementor-size-default\">Maximera din r\u00e4ckvidd: K\u00f6p din trafik idag!<\/h2>\t\t<\/div>\n\t\t\t\t<\/div>\n\t\t\t\t<div class=\"elementor-element elementor-element-a81fc5b elementor-widget elementor-widget-text-editor\" data-id=\"a81fc5b\" data-element_type=\"widget\" data-widget_type=\"text-editor.default\">\n\t\t\t\t<div class=\"elementor-widget-container\">\n\t\t\t\t\t\t\t<p>Med \u00f6ver <strong>20 \u00e5r<\/strong> Med erfarenhet av den digitala reklambranschen erbjuder Entireweb fantastiska reklaml\u00f6sningar som kan hj\u00e4lpa dig att uppn\u00e5 dina marknadsf\u00f6ringsm\u00e5l. Med v\u00e5r bannerannonsering kan du dra nytta av v\u00e5rt stora n\u00e4tverk av webbplatser och n\u00e5 miljontals potentiella kunder runt om i v\u00e4rlden.<\/p><p>Missa inte m\u00f6jligheten att n\u00e5 tusentals potentiella kunder online. K\u00f6p en annonsplats med Entireweb idag och ta din marknadsf\u00f6ring till n\u00e4sta niv\u00e5!<\/p>\t\t\t\t\t\t<\/div>\n\t\t\t\t<\/div>\n\t\t\t\t\t<\/div>\n\t\t<\/div>\n\t\t\t\t\t<\/div>\n\t\t<\/section>\n\t\t\t\t<section class=\"elementor-section elementor-top-section elementor-element elementor-element-f651170 elementor-section-boxed elementor-section-height-default elementor-section-height-default\" data-id=\"f651170\" data-element_type=\"section\">\n\t\t\t\t\t\t<div class=\"elementor-container elementor-column-gap-default\">\n\t\t\t\t\t<div class=\"elementor-column elementor-col-100 elementor-top-column elementor-element elementor-element-128800b\" data-id=\"128800b\" data-element_type=\"column\">\n\t\t\t<div class=\"elementor-widget-wrap elementor-element-populated\">\n\t\t\t\t\t\t<div class=\"elementor-element elementor-element-760ea01 elementor-widget elementor-widget-shortcode\" data-id=\"760ea01\" data-element_type=\"widget\" data-widget_type=\"shortcode.default\">\n\t\t\t\t<div class=\"elementor-widget-container\">\n\t\t\t\t\t<div class=\"elementor-shortcode\"><div class=\"woocommerce\">\t\t\t<div class=\"single-product\" data-product-page-preselected-id=\"0\">\n\t\t\t\t<div class=\"woocommerce-notices-wrapper\"><\/div><div id=\"product-161\" class=\"product type-product post-161 status-publish first instock product_cat-banner-advertising has-post-thumbnail sale virtual sold-individually purchasable product-type-simple\">\n\n\t\n\t<div class=\"summary entry-summary\">\n\t\t<h1 class=\"product_title entry-title\">Entireweb Articles \u2013 Toppbanner p\u00e5 alla sidor<\/h1><p class=\"price\"><del aria-hidden=\"true\"><span class=\"woocommerce-Price-amount amount\"><bdi><span class=\"woocommerce-Price-currencySymbol\">&#36;<\/span>150.00<\/bdi><\/span><\/del> <span class=\"screen-reader-text\" data-no-translation=\"\" data-trp-gettext=\"\">Det ursprungliga priset var: &#036;150.00.<\/span><ins aria-hidden=\"true\"><span class=\"woocommerce-Price-amount amount\"><bdi><span class=\"woocommerce-Price-currencySymbol\">&#36;<\/span>100.00<\/bdi><\/span><\/ins><span class=\"screen-reader-text\" data-no-translation=\"\" data-trp-gettext=\"\">Det nuvarande priset \u00e4r: &#036;100.00.<\/span><\/p>\n<div class=\"woocommerce-product-details__short-description\">\n\t<p><strong>* Pris per 30 dagars period<\/strong><\/p>\n<p>Din banner kommer att visas f\u00f6r tusentals bes\u00f6kare p\u00e5 Entireweb Articles.<\/p>\n<p><strong>Din annons kommer att visas:<\/strong><br \/>\nExempel: <a href=\"https:\/\/articles.entireweb.com\/searchengines\/google-adsense-rewarded-ad-gate-beta-program\/\" target=\"_blank\" rel=\"noopener\">https:\/\/articles.entireweb.com\/searchengines\/google-adsense-rewarded-ad-gate-beta-program\/<\/a><\/p>\n<p><strong>Annonsrestriktioner?\u00a0<\/strong>Inga annonser f\u00f6r vuxna. Endast h\u00f6gkvalitativa annonser som kan gynna m\u00e5lgruppen \u2013 webmaster och f\u00f6retagare.<br \/>\n<strong>Har den h\u00e4r webbplatsen n\u00e5got vuxet inneh\u00e5ll?\u00a0<\/strong>Nej<\/p>\n<\/div>\n<p class=\"stock in-stock\">4 i lager (kan restnoteras)<\/p>\n\n\t\n\t<form class=\"cart\" action=\"\" method=\"post\" enctype='multipart\/form-data' data-trp-original-action=\"\">\n\t\t<div class=\"wapf\" id=\"wapf_161\"><div class=\"wapf-wrapper\">\n<div\n    class=\"wapf-field-group label-above\"\n    data-group=\"p_161\"\n    data-variables=\"[]\"\n    >\n    <div class=\"wapf-field-container wapf-field-url field-63809443cab27\" style=\"width:100%;\" for=\"63809443cab27\" ><div class=\"wapf-field-label\"><label><span>M\u00e5lwebbplats<\/span> <abbr class=\"required\" title=\"obligatoriskt\" data-no-translation-title=\"\">*<\/abbr><\/label><\/div><div class=\"wapf-field-input\">\n<input type=\"url\" value=\"\" data-is-required=\"1\" data-field-id=\"63809443cab27\" required name=\"wapf[field_63809443cab27]\" class=\"wapf-input input-63809443cab27\" placeholder=\"https:\/\/www.yoursite.com\" \/>\n<\/div><div class=\"wapf-field-description\">Det \u00e4r hit trafiken kommer att skickas<\/div><\/div><div class=\"wapf-field-container wapf-field-file field-63fe4a59d7022\" style=\"width:100%;\" for=\"63fe4a59d7022\" ><div class=\"wapf-field-label\"><label><span>Uppladdning av banner<\/span><\/label><\/div><div class=\"wapf-field-input\"><input type=\"file\" data-is-required data-field-id=\"63fe4a59d7022\" name=\"wapf[field_63fe4a59d7022][]\" class=\"wapf-input input-63fe4a59d7022\" \/><\/div><div class=\"wapf-field-description\">* Vi kommer alltid att kontakta dig innan vi aktiverar din kampanj f\u00f6r att verifiera allt<\/div><\/div><div class=\"wapf-field-container wapf-field-text field-63fe61374dc13\" style=\"width:100%;\" for=\"63fe61374dc13\" ><div class=\"wapf-field-label\"><label><span>Ankare text<\/span><\/label><\/div><div class=\"wapf-field-input\">\n<input type=\"text\" value=\"\" data-is-required data-field-id=\"63fe61374dc13\" name=\"wapf[field_63fe61374dc13]\" class=\"wapf-input input-63fe61374dc13\" placeholder=\"Din ankartext b\u00f6r best\u00e5 av ord och fraser som st\u00e4mmer \u00f6verens med din webbplats\" \/><\/div><div class=\"wapf-field-description\">Ankartext h\u00e4nvisar till de klickbara orden som anv\u00e4nds f\u00f6r att l\u00e4nka en webbsida till en annan<\/div><\/div>\n<\/div><input type=\"hidden\" value=\"p_161\" name=\"wapf_field_groups\"\/><\/div><div class=\"wapf-product-totals\" data-product-id=\"161\" data-product-type=\"simple\" data-product-price=\"100\" ><\/div><div class=\"tooltip-container\" role=\"alertdialog\" id=\"tooltipText\" aria-hidden=\"true\" aria-live=\"polite\"><\/div><\/div>\n\t\t<div class=\"quantity\">\n\t\t<label class=\"screen-reader-text\" for=\"quantity_69db940feea43\" data-no-translation=\"\" data-trp-gettext=\"\">Entireweb Articles - Top banner on all pages m\u00e4ngd<\/label>\n\t<input\n\t\ttype=\"hidden\"\n\t\t\t\tid=\"quantity_69db940feea43\"\n\t\tclass=\"input-text qty text\"\n\t\tname=\"quantity\"\n\t\tvalue=\"1\"\n\t\taria-label=\"Produktantal\"\n\t\t\t\tmin=\"1\"\n\t\tmax=\"1\"\n\t\t\t\t\tstep=\"1\"\n\t\t\tplaceholder=\"\"\n\t\t\tinputmode=\"numeric\"\n\t\t\tautocomplete=\"off\" data-no-translation-aria-label=\"\"\n\t\t\t\/>\n\t<\/div>\n\n\t\t<button type=\"submit\" name=\"add-to-cart\" value=\"161\" class=\"single_add_to_cart_button button alt\" data-no-translation=\"\" data-trp-gettext=\"\">Forts\u00e4tt<\/button>\n\n\t\t\t<input type=\"hidden\" name=\"trp-form-language\" value=\"sv\"\/><\/form>\n\n\t\n<p class=\"first-payment-date\"><small><\/small><\/p><div class=\"product_meta\">\n\n\t\n\t\n\t<span class=\"posted_in\">Kategori: <a href=\"https:\/\/admarket.entireweb.com\/sv\/produkt-kategori\/banner-advertising\/\" rel=\"tag\">Bannerannonsering<\/a><\/span>\n\t\n\t\n<\/div>\n\t<\/div>\n\n\t<\/div>\n\n\t\t\t<\/div>\n\t\t\t<\/div><\/div>\n\t\t\t\t<\/div>\n\t\t\t\t<\/div>\n\t\t\t\t\t<\/div>\n\t\t<\/div>\n\t\t\t\t\t<\/div>\n\t\t<\/section>\n\t\t\t\t<section class=\"elementor-section elementor-top-section elementor-element elementor-element-8c99cff elementor-section-boxed elementor-section-height-default elementor-section-height-default\" data-id=\"8c99cff\" data-element_type=\"section\">\n\t\t\t\t\t\t<div class=\"elementor-container elementor-column-gap-default\">\n\t\t\t\t\t<div class=\"elementor-column elementor-col-100 elementor-top-column elementor-element elementor-element-2c6392f\" data-id=\"2c6392f\" data-element_type=\"column\">\n\t\t\t<div class=\"elementor-widget-wrap elementor-element-populated\">\n\t\t\t\t\t\t<div class=\"elementor-element elementor-element-f5fd2ae elementor-widget-divider--view-line elementor-widget elementor-widget-divider\" data-id=\"f5fd2ae\" data-element_type=\"widget\" data-widget_type=\"divider.default\">\n\t\t\t\t<div class=\"elementor-widget-container\">\n\t\t\t\t\t<div class=\"elementor-divider\">\n\t\t\t<span class=\"elementor-divider-separator\">\n\t\t\t\t\t\t<\/span>\n\t\t<\/div>\n\t\t\t\t<\/div>\n\t\t\t\t<\/div>\n\t\t\t\t\t<\/div>\n\t\t<\/div>\n\t\t\t\t\t<\/div>\n\t\t<\/section>\n\t\t\t\t<\/div>","protected":false},"excerpt":{"rendered":"<p>Bannerannonsering p\u00e5 hela webben Med \u00f6ver 20 000 artiklar p\u00e5 v\u00e5r plattform attraherar vi en betydande m\u00e4ngd v\u00e4rdefull trafik, vilket ger den perfekta m\u00f6jligheten att visa upp ditt varum\u00e4rke f\u00f6r en mycket engagerad publik. Klicka f\u00f6r att se v\u00e5ra artiklar! Maximera din r\u00e4ckvidd: K\u00f6p din trafik idag! Med \u00f6ver 20 \u00e5rs erfarenhet inom digital annonsering [\u2026]<\/p>","protected":false},"author":1,"featured_media":0,"parent":0,"menu_order":0,"comment_status":"closed","ping_status":"closed","template":"elementor_header_footer","meta":{"_themeisle_gutenberg_block_has_review":false,"footnotes":""},"class_list":["post-6617","page","type-page","status-publish","hentry"],"jetpack_sharing_enabled":true,"_links":{"self":[{"href":"https:\/\/admarket.entireweb.com\/sv\/wp-json\/wp\/v2\/pages\/6617","targetHints":{"allow":["GET"]}}],"collection":[{"href":"https:\/\/admarket.entireweb.com\/sv\/wp-json\/wp\/v2\/pages"}],"about":[{"href":"https:\/\/admarket.entireweb.com\/sv\/wp-json\/wp\/v2\/types\/page"}],"author":[{"embeddable":true,"href":"https:\/\/admarket.entireweb.com\/sv\/wp-json\/wp\/v2\/users\/1"}],"replies":[{"embeddable":true,"href":"https:\/\/admarket.entireweb.com\/sv\/wp-json\/wp\/v2\/comments?post=6617"}],"version-history":[{"count":37,"href":"https:\/\/admarket.entireweb.com\/sv\/wp-json\/wp\/v2\/pages\/6617\/revisions"}],"predecessor-version":[{"id":12961,"href":"https:\/\/admarket.entireweb.com\/sv\/wp-json\/wp\/v2\/pages\/6617\/revisions\/12961"}],"wp:attachment":[{"href":"https:\/\/admarket.entireweb.com\/sv\/wp-json\/wp\/v2\/media?parent=6617"}],"curies":[{"name":"wp","href":"https:\/\/api.w.org\/{rel}","templated":true}]}}