{"id":7509,"date":"2023-04-06T20:23:47","date_gmt":"2023-04-06T19:23:47","guid":{"rendered":"https:\/\/admarket.entireweb.com\/?page_id=7509"},"modified":"2023-04-07T10:31:26","modified_gmt":"2023-04-07T09:31:26","slug":"drip-feed-advertising","status":"publish","type":"page","link":"https:\/\/admarket.entireweb.com\/sv\/drip-feed-advertising\/","title":{"rendered":"Annonsering med droppfoder"},"content":{"rendered":"<div data-elementor-type=\"wp-page\" data-elementor-id=\"7509\" class=\"elementor elementor-7509\">\n\t\t\t\t\t\t<section class=\"elementor-section elementor-top-section elementor-element elementor-element-600dc714 elementor-section-height-min-height elementor-section-items-stretch elementor-section-content-middle elementor-section-full_width elementor-section-height-default\" data-id=\"600dc714\" data-element_type=\"section\" data-settings=\"{&quot;background_background&quot;:&quot;classic&quot;}\">\n\t\t\t\t\t\t<div class=\"elementor-container elementor-column-gap-no\">\n\t\t\t\t\t<div class=\"elementor-column elementor-col-50 elementor-top-column elementor-element elementor-element-589b5d42\" data-id=\"589b5d42\" data-element_type=\"column\">\n\t\t\t<div class=\"elementor-widget-wrap elementor-element-populated\">\n\t\t\t\t\t\t<div class=\"elementor-element elementor-element-19496a64 elementor-widget elementor-widget-heading\" data-id=\"19496a64\" data-element_type=\"widget\" data-widget_type=\"heading.default\">\n\t\t\t\t<div class=\"elementor-widget-container\">\n\t\t\t<h1 class=\"elementor-heading-title elementor-size-default\">\u00d6ka din e-postmarknadsf\u00f6ring med Drip-Feed Marketing<\/h1>\t\t<\/div>\n\t\t\t\t<\/div>\n\t\t\t\t<div class=\"elementor-element elementor-element-368c930d elementor-widget elementor-widget-text-editor\" data-id=\"368c930d\" data-element_type=\"widget\" data-widget_type=\"text-editor.default\">\n\t\t\t\t<div class=\"elementor-widget-container\">\n\t\t\t\t\t\t\t<p>\u00c4r du tr\u00f6tt p\u00e5 att skicka generiska e-postmeddelanden till dina prenumeranter? Vill du ta din e-postmarknadsf\u00f6ring till n\u00e4sta niv\u00e5?<\/p><p>I s\u00e5 fall \u00e4r v\u00e5r produkt precis vad du beh\u00f6ver!<\/p>\t\t\t\t\t\t<\/div>\n\t\t\t\t<\/div>\n\t\t\t\t<div class=\"elementor-element elementor-element-64b46029 elementor-mobile-align-center elementor-align-left elementor-widget elementor-widget-button\" data-id=\"64b46029\" data-element_type=\"widget\" data-widget_type=\"button.default\">\n\t\t\t\t<div class=\"elementor-widget-container\">\n\t\t\t\t\t<div class=\"elementor-button-wrapper\">\n\t\t\t<a class=\"elementor-button elementor-size-sm\" role=\"button\">\n\t\t\t\t\t\t<span class=\"elementor-button-content-wrapper\">\n\t\t\t\t\t\t\t\t\t<span class=\"elementor-button-text\">Kom ig\u00e5ng idag!<\/span>\n\t\t\t\t\t<\/span>\n\t\t\t\t\t<\/a>\n\t\t<\/div>\n\t\t\t\t<\/div>\n\t\t\t\t<\/div>\n\t\t\t\t\t<\/div>\n\t\t<\/div>\n\t\t\t\t<div class=\"elementor-column elementor-col-50 elementor-top-column elementor-element elementor-element-1d067487\" data-id=\"1d067487\" data-element_type=\"column\">\n\t\t\t<div class=\"elementor-widget-wrap elementor-element-populated\">\n\t\t\t\t\t\t<div class=\"elementor-element elementor-element-4bfad4ac elementor-widget elementor-widget-image\" data-id=\"4bfad4ac\" data-element_type=\"widget\" data-widget_type=\"image.default\">\n\t\t\t\t<div class=\"elementor-widget-container\">\n\t\t\t\t\t\t\t\t\t\t\t\t\t<img fetchpriority=\"high\" decoding=\"async\" width=\"768\" height=\"768\" src=\"https:\/\/admarket.entireweb.com\/wp-content\/uploads\/2023\/04\/870x870-email-advertising-768x768.png\" class=\"attachment-medium_large size-medium_large wp-image-7543\" alt=\"Email Advertising\" srcset=\"https:\/\/admarket.entireweb.com\/wp-content\/uploads\/2023\/04\/870x870-email-advertising-768x768.png 768w, https:\/\/admarket.entireweb.com\/wp-content\/uploads\/2023\/04\/870x870-email-advertising-300x300.png 300w, https:\/\/admarket.entireweb.com\/wp-content\/uploads\/2023\/04\/870x870-email-advertising-150x150.png 150w, https:\/\/admarket.entireweb.com\/wp-content\/uploads\/2023\/04\/870x870-email-advertising-12x12.png 12w, https:\/\/admarket.entireweb.com\/wp-content\/uploads\/2023\/04\/870x870-email-advertising-600x600.png 600w, https:\/\/admarket.entireweb.com\/wp-content\/uploads\/2023\/04\/870x870-email-advertising-100x100.png 100w, https:\/\/admarket.entireweb.com\/wp-content\/uploads\/2023\/04\/870x870-email-advertising.png 870w\" sizes=\"(max-width: 768px) 100vw, 768px\" \/>\t\t\t\t\t\t\t\t\t\t\t\t\t<\/div>\n\t\t\t\t<\/div>\n\t\t\t\t\t<\/div>\n\t\t<\/div>\n\t\t\t\t\t<\/div>\n\t\t<\/section>\n\t\t\t\t<section class=\"elementor-section elementor-top-section elementor-element elementor-element-1b5fd0b elementor-section-content-middle elementor-reverse-tablet elementor-reverse-mobile elementor-section-full_width elementor-section-height-default elementor-section-height-default\" data-id=\"1b5fd0b\" data-element_type=\"section\">\n\t\t\t\t\t\t<div class=\"elementor-container elementor-column-gap-no\">\n\t\t\t\t\t<div class=\"elementor-column elementor-col-100 elementor-top-column elementor-element elementor-element-80cd98a\" data-id=\"80cd98a\" data-element_type=\"column\">\n\t\t\t<div class=\"elementor-widget-wrap elementor-element-populated\">\n\t\t\t\t\t\t<div class=\"elementor-element elementor-element-f0cc50d elementor-widget elementor-widget-heading\" data-id=\"f0cc50d\" data-element_type=\"widget\" data-widget_type=\"heading.default\">\n\t\t\t\t<div class=\"elementor-widget-container\">\n\t\t\t<h2 class=\"elementor-heading-title elementor-size-default\">Maximera din e-postr\u00e4ckvidd idag!<\/h2>\t\t<\/div>\n\t\t\t\t<\/div>\n\t\t\t\t<div class=\"elementor-element elementor-element-a81fc5b elementor-widget elementor-widget-text-editor\" data-id=\"a81fc5b\" data-element_type=\"widget\" data-widget_type=\"text-editor.default\">\n\t\t\t\t<div class=\"elementor-widget-container\">\n\t\t\t\t\t\t\t<p>V\u00e5r <strong>e-postreklam<\/strong> produkt l\u00e5ter dig skicka meddelanden till v\u00e5ra prenumeranter baserat p\u00e5 e-posth\u00e4ndelser. Med v\u00e5rt kraftfulla verktyg kan du skicka riktade meddelanden vid r\u00e4tt tidpunkt, vilket \u00f6kar engagemanget och omvandlingarna.<\/p><p>Genom att skicka e-postmeddelanden baserat p\u00e5 prenumerantaktivitet kommer du att se h\u00f6gre \u00f6ppningsfrekvenser, klickfrekvenser och \u00f6vergripande engagemang. Dessutom sparar du tid och pengar genom att inte skicka e-postmeddelanden till prenumeranter som inte \u00e4r intresserade eller engagerade.<\/p>\t\t\t\t\t\t<\/div>\n\t\t\t\t<\/div>\n\t\t\t\t\t<\/div>\n\t\t<\/div>\n\t\t\t\t\t<\/div>\n\t\t<\/section>\n\t\t\t\t<section class=\"elementor-section elementor-top-section elementor-element elementor-element-f651170 elementor-section-boxed elementor-section-height-default elementor-section-height-default\" data-id=\"f651170\" data-element_type=\"section\">\n\t\t\t\t\t\t<div class=\"elementor-container elementor-column-gap-default\">\n\t\t\t\t\t<div class=\"elementor-column elementor-col-100 elementor-top-column elementor-element elementor-element-128800b\" data-id=\"128800b\" data-element_type=\"column\">\n\t\t\t<div class=\"elementor-widget-wrap elementor-element-populated\">\n\t\t\t\t\t\t<div class=\"elementor-element elementor-element-760ea01 elementor-widget elementor-widget-shortcode\" data-id=\"760ea01\" data-element_type=\"widget\" data-widget_type=\"shortcode.default\">\n\t\t\t\t<div class=\"elementor-widget-container\">\n\t\t\t\t\t<div class=\"elementor-shortcode\"><div class=\"woocommerce\">\t\t\t<div class=\"single-product\" data-product-page-preselected-id=\"0\">\n\t\t\t\t<div class=\"woocommerce-notices-wrapper\"><\/div><div id=\"product-593\" class=\"product type-product post-593 status-publish first instock product_cat-solomail has-post-thumbnail virtual sold-individually purchasable product-type-simple\">\n\n\t\n\t<div class=\"summary entry-summary\">\n\t\t<h1 class=\"product_title entry-title\">Droppmatning<\/h1><p class=\"price\"><span class=\"woocommerce-Price-amount amount\"><bdi><span class=\"woocommerce-Price-currencySymbol\">&#36;<\/span>50.00<\/bdi><\/span><\/p>\n<div class=\"woocommerce-product-details__short-description\">\n\t<h2 class=\"product_title entry-title\">Alla klick $0.50<\/h2>\n<p>Alla e-postmeddelanden levereras baserat p\u00e5 prenumerantaktivitet. N\u00e4r en prenumerant g\u00f6r en anm\u00e4lan eller n\u00e5gon annan aktivitet kommer vi att skicka din e-post.<\/p>\n<p>Dessa kampanjer \u00e4r riktigt bra och vi ser riktigt h\u00f6ga konverteringsfrekvenser.<\/p>\n<p>* <strong><em>Om ditt inneh\u00e5ll inte godk\u00e4nns kommer vi alltid att \u00e5terbetala din betalning<\/em><\/strong><\/p>\n<\/div>\n\n\t\n\t<form class=\"cart\" action=\"\" method=\"post\" enctype='multipart\/form-data' data-trp-original-action=\"\">\n\t\t<div class=\"wapf\" id=\"wapf_593\"><div class=\"wapf-wrapper\">\n<div\n    class=\"wapf-field-group label-above\"\n    data-group=\"p_593\"\n    data-variables=\"[]\"\n    >\n    <div class=\"wapf-field-container wapf-field-select field-60b4d6466f906 has-pricing\" style=\"width:100%;\" for=\"60b4d6466f906\" ><div class=\"wapf-field-label\"><label><span>Trafikm\u00e4ngd<\/span> <abbr class=\"required\" title=\"obligatoriskt\" data-no-translation-title=\"\">*<\/abbr><\/label><\/div><div class=\"wapf-field-input\">\n<select data-is-required=\"1\" data-field-id=\"60b4d6466f906\" required name=\"wapf[field_60b4d6466f906]\" class=\"wapf-input input-60b4d6466f906\">\n    <option value=\"2557n\" data-wapf-label=\"100 Visitors\" selected>100 bes\u00f6kare <\/option><option value=\"a10kk\" data-wapf-label=\"200 Visitors\" data-wapf-pricetype=\"fixed\" data-wapf-price=\"50\" data-wapf-tax=\"1\">200 bes\u00f6kare <span class=\"wapf-pricing-hint\">(+&#36;50.00)<\/span><\/option><option value=\"kyfct\" data-wapf-label=\"300 Visitors\" data-wapf-pricetype=\"fixed\" data-wapf-price=\"100\" data-wapf-tax=\"1\">300 bes\u00f6kare <span class=\"wapf-pricing-hint\">(+&#36;100.00)<\/span><\/option><option value=\"55h3x\" data-wapf-label=\"400 Visitors\" data-wapf-pricetype=\"fixed\" data-wapf-price=\"150\" data-wapf-tax=\"1\">400 bes\u00f6kare <span class=\"wapf-pricing-hint\">(+&#36;150.00)<\/span><\/option><option value=\"3evoc\" data-wapf-label=\"500 Visitors\" data-wapf-pricetype=\"fixed\" data-wapf-price=\"200\" data-wapf-tax=\"1\">500 bes\u00f6kare <span class=\"wapf-pricing-hint\">(+&#36;200.00)<\/span><\/option><\/select><\/div><div class=\"wapf-field-description\">V\u00e4lj m\u00e4ngd trafik<\/div><\/div><div class=\"wapf-field-container wapf-field-file field-644e60b58615a\" style=\"width:100%;\" for=\"644e60b58615a\" ><div class=\"wapf-field-label\"><label><span>E-postuppladdning<\/span><\/label><\/div><div class=\"wapf-field-input\"><input type=\"file\" data-is-required data-field-id=\"644e60b58615a\" name=\"wapf[field_644e60b58615a][]\" class=\"wapf-input input-644e60b58615a\" \/><\/div><div class=\"wapf-field-description\">Ladda upp din html-fil h\u00e4r. * Du kan alltid ladda upp senare.<\/div><\/div><div class=\"wapf-field-container wapf-field-true-false field-644e619637640\" style=\"width:100%;\" for=\"644e619637640\" ><div class=\"wapf-field-label\"><label><span>Skapa e-post<\/span><\/label><\/div><div class=\"wapf-field-input\"><div class=\"wapf-checkable\">\n    <input type=\"hidden\" class=\"wapf-tf-h\" data-fid=\"644e619637640\" value=\"0\" name=\"wapf[field_644e619637640]\" \/>\n    <label class=\"wapf-input-label\" for=\"wapf-593-644e619637640-41792\">\n        <input id=\"wapf-593-644e619637640-41792\" type=\"checkbox\" value=\"1\" data-is-required data-field-id=\"644e619637640\" name=\"wapf[field_644e619637640]\" data-false-label=\"false\" data-true-label=\"true\" class=\"wapf-input input-644e619637640\" \/>\n        <span class=\"wapf-custom\"><\/span>\n\t                <span class=\"wapf-label-text\">\n                Jag har ingen HTML-e-post och beh\u00f6ver skapa en            <\/span>\n\t        <\/label>\n<\/div><\/div><div class=\"wapf-field-description\">Vi kommer att skapa ett e-postmeddelande \u00e5t dig om du inte har n\u00e5got, kostnadsfritt.<\/div><\/div>\n<\/div><input type=\"hidden\" value=\"p_593\" name=\"wapf_field_groups\"\/><\/div><div class=\"wapf-product-totals\" data-product-id=\"593\" data-product-type=\"simple\" data-product-price=\"50\" ><div class=\"wapf--inner\">\n        <div>\n        <span>Totala produkter<\/span>\n        <span class=\"wapf-total wapf-product-total price amount\"><\/span>\n    <\/div>\n    <div>\n        <span>Totalt alternativ<\/span>\n        <span class=\"wapf-total wapf-options-total price amount\"><\/span>\n    <\/div>\n        <div>\n        <span>Totalsumma<\/span>\n        <span class=\"wapf-total wapf-grand-total price amount\"><\/span>\n    <\/div>\n<\/div><\/div><div class=\"tooltip-container\" role=\"alertdialog\" id=\"tooltipText\" aria-hidden=\"true\" aria-live=\"polite\"><\/div><\/div>\n\t\t<div class=\"quantity\">\n\t\t<label class=\"screen-reader-text\" for=\"quantity_69d2f5989ca72\" data-no-translation=\"\" data-trp-gettext=\"\">Drip-Feed m\u00e4ngd<\/label>\n\t<input\n\t\ttype=\"hidden\"\n\t\t\t\tid=\"quantity_69d2f5989ca72\"\n\t\tclass=\"input-text qty text\"\n\t\tname=\"quantity\"\n\t\tvalue=\"1\"\n\t\taria-label=\"Produktantal\"\n\t\t\t\tmin=\"1\"\n\t\tmax=\"1\"\n\t\t\t\t\tstep=\"1\"\n\t\t\tplaceholder=\"\"\n\t\t\tinputmode=\"numeric\"\n\t\t\tautocomplete=\"off\" data-no-translation-aria-label=\"\"\n\t\t\t\/>\n\t<\/div>\n\n\t\t<button type=\"submit\" name=\"add-to-cart\" value=\"593\" class=\"single_add_to_cart_button button alt\" data-no-translation=\"\" data-trp-gettext=\"\">Forts\u00e4tt<\/button>\n\n\t\t\t<input type=\"hidden\" name=\"trp-form-language\" value=\"sv\"\/><\/form>\n\n\t\n<p class=\"first-payment-date\"><small><\/small><\/p><div class=\"product_meta\">\n\n\t\n\t\n\t<span class=\"posted_in\">Kategori: <a href=\"https:\/\/admarket.entireweb.com\/sv\/produkt-kategori\/solomail\/\" rel=\"tag\">Solomail reklam<\/a><\/span>\n\t\n\t\n<\/div>\n\t<\/div>\n\n\t<\/div>\n\n\t\t\t<\/div>\n\t\t\t<\/div><\/div>\n\t\t\t\t<\/div>\n\t\t\t\t<\/div>\n\t\t\t\t\t<\/div>\n\t\t<\/div>\n\t\t\t\t\t<\/div>\n\t\t<\/section>\n\t\t\t\t<section class=\"elementor-section elementor-top-section elementor-element elementor-element-8c99cff elementor-section-boxed elementor-section-height-default elementor-section-height-default\" data-id=\"8c99cff\" data-element_type=\"section\">\n\t\t\t\t\t\t<div class=\"elementor-container elementor-column-gap-default\">\n\t\t\t\t\t<div class=\"elementor-column elementor-col-100 elementor-top-column elementor-element elementor-element-2c6392f\" data-id=\"2c6392f\" data-element_type=\"column\">\n\t\t\t<div class=\"elementor-widget-wrap elementor-element-populated\">\n\t\t\t\t\t\t<div class=\"elementor-element elementor-element-f5fd2ae elementor-widget-divider--view-line elementor-widget elementor-widget-divider\" data-id=\"f5fd2ae\" data-element_type=\"widget\" data-widget_type=\"divider.default\">\n\t\t\t\t<div class=\"elementor-widget-container\">\n\t\t\t\t\t<div class=\"elementor-divider\">\n\t\t\t<span class=\"elementor-divider-separator\">\n\t\t\t\t\t\t<\/span>\n\t\t<\/div>\n\t\t\t\t<\/div>\n\t\t\t\t<\/div>\n\t\t\t\t\t<\/div>\n\t\t<\/div>\n\t\t\t\t\t<\/div>\n\t\t<\/section>\n\t\t\t\t<\/div>","protected":false},"excerpt":{"rendered":"<p>\u00d6ka din e-postmarknadsf\u00f6ring med Drip-Feed Marketing \u00c4r du tr\u00f6tt p\u00e5 att skicka generiska e-postmeddelanden till dina prenumeranter? Vill du ta din e-postmarknadsf\u00f6ring till n\u00e4sta niv\u00e5? I s\u00e5 fall \u00e4r v\u00e5r produkt precis vad du beh\u00f6ver! Kom ig\u00e5ng idag! Maximera din e-postr\u00e4ckvidd idag! V\u00e5r produkt f\u00f6r e-postannonsering l\u00e5ter dig skicka meddelanden [\u2026]<\/p>","protected":false},"author":1,"featured_media":0,"parent":0,"menu_order":0,"comment_status":"closed","ping_status":"closed","template":"elementor_header_footer","meta":{"_themeisle_gutenberg_block_has_review":false,"footnotes":""},"class_list":["post-7509","page","type-page","status-publish","hentry"],"jetpack_sharing_enabled":true,"_links":{"self":[{"href":"https:\/\/admarket.entireweb.com\/sv\/wp-json\/wp\/v2\/pages\/7509","targetHints":{"allow":["GET"]}}],"collection":[{"href":"https:\/\/admarket.entireweb.com\/sv\/wp-json\/wp\/v2\/pages"}],"about":[{"href":"https:\/\/admarket.entireweb.com\/sv\/wp-json\/wp\/v2\/types\/page"}],"author":[{"embeddable":true,"href":"https:\/\/admarket.entireweb.com\/sv\/wp-json\/wp\/v2\/users\/1"}],"replies":[{"embeddable":true,"href":"https:\/\/admarket.entireweb.com\/sv\/wp-json\/wp\/v2\/comments?post=7509"}],"version-history":[{"count":23,"href":"https:\/\/admarket.entireweb.com\/sv\/wp-json\/wp\/v2\/pages\/7509\/revisions"}],"predecessor-version":[{"id":7552,"href":"https:\/\/admarket.entireweb.com\/sv\/wp-json\/wp\/v2\/pages\/7509\/revisions\/7552"}],"wp:attachment":[{"href":"https:\/\/admarket.entireweb.com\/sv\/wp-json\/wp\/v2\/media?parent=7509"}],"curies":[{"name":"wp","href":"https:\/\/api.w.org\/{rel}","templated":true}]}}