{"id":12208,"date":"2024-11-04T18:50:49","date_gmt":"2024-11-04T17:50:49","guid":{"rendered":"https:\/\/admarket.entireweb.com\/?post_type=product&#038;p=12208"},"modified":"2024-11-04T22:55:16","modified_gmt":"2024-11-04T21:55:16","slug":"solo-email-10000","status":"publish","type":"product","link":"https:\/\/admarket.entireweb.com\/sv\/produkt\/solo-email-10000\/","title":{"rendered":"Solo-e-post \u2013 10 000 prenumeranter"},"content":{"rendered":"<ul>\n<li><strong>Omedelbar tillg\u00e5ng till en riktad m\u00e5lgrupp<\/strong><br \/>\nSolo Mailing ger dig direkt tillg\u00e5ng till en noggrant utvald publik som redan \u00e4r intresserad av vad du erbjuder \u2013 du beh\u00f6ver inte skapa din egen lista.<\/li>\n<li><strong>Omedelbara resultat och h\u00f6g ROI<\/strong><br \/>\nN\u00e5 r\u00e4tt personer direkt, \u00f6ka trafik, klick och omvandlingar. Solo Mailing \u00e4r kostnadseffektivt och levererar m\u00e4tbara resultat snabbt.<\/li>\n<li><strong>Full kontroll \u00f6ver ditt meddelande<\/strong><br \/>\nMed Solo Mailing styr du ditt meddelande fr\u00e5n b\u00f6rjan till slut. Skr\u00e4ddarsy ditt inneh\u00e5ll f\u00f6r att spegla ditt varum\u00e4rke och tala direkt till din publik.<\/li>\n<li><strong>Minskad anstr\u00e4ngning med h\u00f6gkvalitativa, f\u00e4rdiga att anv\u00e4nda listor<\/strong><br \/>\nSpara tid och resurser genom att hoppa \u00f6ver listbyggeprocessen. Solo Mailing-tj\u00e4nster tillhandah\u00e5ller kvalitetss\u00e4krade prenumerantlistor som \u00e4r redo f\u00f6r engagemang.<\/li>\n<li><strong>F\u00f6rb\u00e4ttrad varum\u00e4rkessynlighet och engagemang<\/strong><br \/>\nSolo Mailings s\u00e4tter ditt varum\u00e4rke i centrum och hj\u00e4lper dig att bygga upp medvetenhet och engagemang samtidigt som du n\u00e5r potentiella kunder som \u00e4r redo att vidta \u00e5tg\u00e4rder.<\/li>\n<\/ul>","protected":false},"excerpt":{"rendered":"<h2>Solomailing p\u00e5 hela webben<\/h2>\n<ol>\n<li><strong>Verifierad s\u00e4ndningsprocess<\/strong>: Din sinnesfrid \u00e4r v\u00e5r prioritet. Innan n\u00e5gon s\u00e4ndning \u00e4ger rum kommer v\u00e5rt team att kontakta dig personligen f\u00f6r att verifiera alla v\u00e4sentliga detaljer. Vi garanterar ett smidigt och felfritt kampanjutf\u00f6rande.<\/li>\n<li><strong>Problemfri kreativ inl\u00e4mning<\/strong>: Att skicka in din annons \u00e4r en bris! Fyll bara i de obligatoriska f\u00e4lten s\u00e5 \u00e4r du ig\u00e5ng. Dela enkelt ditt \u00f6vertygande budskap, i\u00f6gonfallande bilder och lockande erbjudanden med din m\u00e5lgrupp.<\/li>\n<li><strong>Vi har din rygg<\/strong>: Inget kreativt? Inga problem! V\u00e5rt team av experter kommer att skapa en f\u00e4ngslande annons \u00e5t dig, allt inkluderat i paketpriset. Luta dig tillbaka och l\u00e5t v\u00e5ra kreativa trollkarlar v\u00e4va magi f\u00f6r ditt varum\u00e4rke.<\/li>\n<\/ol>\n<p>E-postmarknadsf\u00f6ring, eller Solo Mailing, erbjuder ett snabbt och direkt s\u00e4tt att engagera din ideala publik och skapa verkliga resultat.<\/p>\n<p>Genom att skicka riktade, anpassade e-postmeddelanden \u2013 rika p\u00e5 engagerande inneh\u00e5ll som bilder, l\u00e4nkar och video \u2013 f\u00e5r du kontakt med prenumeranter som redan \u00e4r intresserade av det du erbjuder. Detta tillv\u00e4gag\u00e5ngss\u00e4tt maximerar din marknadsf\u00f6ringseffekt, ger h\u00f6ga \u00f6ppnings- och klickfrekvenser och l\u00e5ter dig sp\u00e5ra resultat i realtid.<\/p>\n<p>Det \u00e4r ett prisv\u00e4rt och effektivt s\u00e4tt att \u00f6ka varum\u00e4rkeslojalitet, \u00f6ka konverteringar och ut\u00f6ka din kundbas \u2013 allt samtidigt som du beh\u00e5ller kontrollen \u00f6ver ditt budskap och din r\u00e4ckvidd.<\/p>","protected":false},"featured_media":467,"template":"","meta":{"_themeisle_gutenberg_block_has_review":false},"product_brand":[],"product_cat":[21],"product_tag":[],"class_list":{"0":"post-12208","1":"product","2":"type-product","3":"status-publish","4":"has-post-thumbnail","6":"product_cat-solomail","8":"first","9":"instock","10":"sale","11":"virtual","12":"purchasable","13":"product-type-simple"},"jetpack_sharing_enabled":true,"_links":{"self":[{"href":"https:\/\/admarket.entireweb.com\/sv\/wp-json\/wp\/v2\/product\/12208","targetHints":{"allow":["GET"]}}],"collection":[{"href":"https:\/\/admarket.entireweb.com\/sv\/wp-json\/wp\/v2\/product"}],"about":[{"href":"https:\/\/admarket.entireweb.com\/sv\/wp-json\/wp\/v2\/types\/product"}],"wp:featuredmedia":[{"embeddable":true,"href":"https:\/\/admarket.entireweb.com\/sv\/wp-json\/wp\/v2\/media\/467"}],"wp:attachment":[{"href":"https:\/\/admarket.entireweb.com\/sv\/wp-json\/wp\/v2\/media?parent=12208"}],"wp:term":[{"taxonomy":"product_brand","embeddable":true,"href":"https:\/\/admarket.entireweb.com\/sv\/wp-json\/wp\/v2\/product_brand?post=12208"},{"taxonomy":"product_cat","embeddable":true,"href":"https:\/\/admarket.entireweb.com\/sv\/wp-json\/wp\/v2\/product_cat?post=12208"},{"taxonomy":"product_tag","embeddable":true,"href":"https:\/\/admarket.entireweb.com\/sv\/wp-json\/wp\/v2\/product_tag?post=12208"}],"curies":[{"name":"wp","href":"https:\/\/api.w.org\/{rel}","templated":true}]}}