{"id":147,"date":"2021-01-12T16:40:34","date_gmt":"2021-01-12T16:40:34","guid":{"rendered":"http:\/\/18.209.29.120\/?post_type=product&#038;p=147"},"modified":"2025-12-08T11:58:33","modified_gmt":"2025-12-08T10:58:33","slug":"468x60-banner-ads","status":"publish","type":"product","link":"https:\/\/admarket.entireweb.com\/sv\/produkt\/468x60-banner-ads\/","title":{"rendered":"Nyhetsbrevsbanner \u2013 topposition (468\u00d760)"},"content":{"rendered":"","protected":false},"excerpt":{"rendered":"<p>Entireweb Email Marketing \u00e4r en produkt f\u00f6r onlinemarknadsf\u00f6ringsproffs som vill f\u00e5 h\u00f6gkvalitativ trafik till sin webbplats. All trafik \u00e4r h\u00f6gkonverterande och h\u00f6g kvalitet.<\/p>\n<p>Nyhetsbrevet skickas varje vecka och varje plats \u00e4r begr\u00e4nsad till en annons per vecka.<\/p>\n<p>Med Entireweb Email Marketing levereras inneh\u00e5llet du skapar till fler \u00e4n <strong>50 000 brevl\u00e5dor<\/strong>, tillh\u00f6rande webbansvariga, onlinef\u00f6retagare och marknadsf\u00f6rare.<\/p>\n<p><span style=\"text-decoration: underline;\"><a href=\"http:\/\/r.mailout.entireweb.com\/mk\/mr\/_lNjCQ0KTN1mgCM01O71RBuMx6U2IyNfbj-Z9AzbNPF_0gmpCuRUnT-wg8sY6Vfe4RgFiFwY_4FqiL99kcetpLMJ_GN6cWgQu5lAtrAuXThQz0hm9ZY\" target=\"_blank\" rel=\"noopener\">Klicka f\u00f6r att se exempel p\u00e5 nyhetsbrev!<\/a><\/span><\/p>","protected":false},"featured_media":487,"template":"","meta":{"_themeisle_gutenberg_block_has_review":false},"product_brand":[],"product_cat":[27],"product_tag":[],"class_list":{"0":"post-147","1":"product","2":"type-product","3":"status-publish","4":"has-post-thumbnail","6":"product_cat-newsletter","8":"first","9":"instock","10":"virtual","11":"purchasable","12":"product-type-simple"},"jetpack_sharing_enabled":true,"_links":{"self":[{"href":"https:\/\/admarket.entireweb.com\/sv\/wp-json\/wp\/v2\/product\/147","targetHints":{"allow":["GET"]}}],"collection":[{"href":"https:\/\/admarket.entireweb.com\/sv\/wp-json\/wp\/v2\/product"}],"about":[{"href":"https:\/\/admarket.entireweb.com\/sv\/wp-json\/wp\/v2\/types\/product"}],"wp:featuredmedia":[{"embeddable":true,"href":"https:\/\/admarket.entireweb.com\/sv\/wp-json\/wp\/v2\/media\/487"}],"wp:attachment":[{"href":"https:\/\/admarket.entireweb.com\/sv\/wp-json\/wp\/v2\/media?parent=147"}],"wp:term":[{"taxonomy":"product_brand","embeddable":true,"href":"https:\/\/admarket.entireweb.com\/sv\/wp-json\/wp\/v2\/product_brand?post=147"},{"taxonomy":"product_cat","embeddable":true,"href":"https:\/\/admarket.entireweb.com\/sv\/wp-json\/wp\/v2\/product_cat?post=147"},{"taxonomy":"product_tag","embeddable":true,"href":"https:\/\/admarket.entireweb.com\/sv\/wp-json\/wp\/v2\/product_tag?post=147"}],"curies":[{"name":"wp","href":"https:\/\/api.w.org\/{rel}","templated":true}]}}