{"id":153,"date":"2021-01-12T16:55:03","date_gmt":"2021-01-12T16:55:03","guid":{"rendered":"http:\/\/18.209.29.120\/?post_type=product&#038;p=153"},"modified":"2025-12-08T12:00:28","modified_gmt":"2025-12-08T11:00:28","slug":"drip-feed","status":"publish","type":"product","link":"https:\/\/admarket.entireweb.com\/sv\/produkt\/drip-feed\/","title":{"rendered":"Drip-Feed-annons \u2013 100% Ditt inneh\u00e5ll"},"content":{"rendered":"","protected":false},"excerpt":{"rendered":"<h2>Entireweb Drip-Feed-kampanj<\/h2>\n<p>Alla e-postmeddelanden levereras baserat p\u00e5 prenumerantaktivitet. N\u00e4r en prenumerant g\u00f6r en anm\u00e4lan eller n\u00e5gon annan aktivitet kommer vi att skicka din e-post.<\/p>\n<p>Dessa kampanjer \u00e4r riktigt bra och vi ser riktigt h\u00f6ga konverteringsfrekvenser.<br \/>\nDetta kommer att p\u00e5g\u00e5 i 30 dagar och skickas till ca. totalt 15 000-20 000 prenumeranter, 500-650 per dag.<\/p>\n<p>* <strong><em>Om ditt inneh\u00e5ll inte godk\u00e4nns kommer vi alltid att \u00e5terbetala din betalning<\/em><\/strong><\/p>","protected":false},"featured_media":466,"template":"","meta":{"_themeisle_gutenberg_block_has_review":false},"product_brand":[],"product_cat":[27,21],"product_tag":[],"class_list":{"0":"post-153","1":"product","2":"type-product","3":"status-publish","4":"has-post-thumbnail","6":"product_cat-newsletter","7":"product_cat-solomail","9":"first","10":"instock","11":"sale","12":"virtual","13":"sold-individually","14":"purchasable","15":"product-type-simple"},"jetpack_sharing_enabled":true,"_links":{"self":[{"href":"https:\/\/admarket.entireweb.com\/sv\/wp-json\/wp\/v2\/product\/153","targetHints":{"allow":["GET"]}}],"collection":[{"href":"https:\/\/admarket.entireweb.com\/sv\/wp-json\/wp\/v2\/product"}],"about":[{"href":"https:\/\/admarket.entireweb.com\/sv\/wp-json\/wp\/v2\/types\/product"}],"wp:featuredmedia":[{"embeddable":true,"href":"https:\/\/admarket.entireweb.com\/sv\/wp-json\/wp\/v2\/media\/466"}],"wp:attachment":[{"href":"https:\/\/admarket.entireweb.com\/sv\/wp-json\/wp\/v2\/media?parent=153"}],"wp:term":[{"taxonomy":"product_brand","embeddable":true,"href":"https:\/\/admarket.entireweb.com\/sv\/wp-json\/wp\/v2\/product_brand?post=153"},{"taxonomy":"product_cat","embeddable":true,"href":"https:\/\/admarket.entireweb.com\/sv\/wp-json\/wp\/v2\/product_cat?post=153"},{"taxonomy":"product_tag","embeddable":true,"href":"https:\/\/admarket.entireweb.com\/sv\/wp-json\/wp\/v2\/product_tag?post=153"}],"curies":[{"name":"wp","href":"https:\/\/api.w.org\/{rel}","templated":true}]}}