{"id":154,"date":"2021-01-12T17:46:46","date_gmt":"2021-01-12T17:46:46","guid":{"rendered":"http:\/\/18.209.29.120\/?post_type=product&#038;p=154"},"modified":"2023-02-28T22:24:10","modified_gmt":"2023-02-28T21:24:10","slug":"entireweb-article-guest-post","status":"publish","type":"product","link":"https:\/\/admarket.entireweb.com\/sv\/produkt\/entireweb-article-guest-post\/","title":{"rendered":"Helwebbartikel \u2013 G\u00e4stinl\u00e4gg"},"content":{"rendered":"<p>V\u00e4nligen f\u00f6lj riktlinjerna nedan.<\/p>\n<ul>\n<li>Artiklar\u00a0<strong>f\u00e5r inte<\/strong>\u00a0vara pressmeddelanden, annonser, f\u00f6rs\u00e4ljningsbrev, reklamexemplar eller flagrant och \u00f6verdriven sj\u00e4lvreklam eller hype.<\/li>\n<li>Alla inl\u00e4mningar\u00a0<strong>m\u00e5ste<\/strong>\u00a0vara originalverk.<\/li>\n<li>Du\u00a0<strong>m\u00e5ste<\/strong>\u00a0har r\u00e4ttigheter till allt material, inklusive text, bilder och videoklipp som du tillhandah\u00e5ller.<\/li>\n<li>Genom att skicka in en artikel ger du Entireweb att anv\u00e4nda ditt inl\u00e4gg (helt eller delvis) utan n\u00e5gon ers\u00e4ttning.<\/li>\n<li>Alla artiklar m\u00e5ste inneh\u00e5lla minst 1000 ord.<\/li>\n<\/ul>\n<p>*\u00a0<strong>Alla artiklar m\u00e5ste t\u00e4cka det \u00e4mne du v\u00e4ljer.<\/strong><\/p>","protected":false},"excerpt":{"rendered":"<p><a href=\"https:\/\/articles.entireweb.com\/\" target=\"_blank\" rel=\"noopener\"><span style=\"text-decoration: underline;\"><strong>Artiklar p\u00e5 hela webben<\/strong><\/span><\/a> bes\u00f6ks av tusentals bes\u00f6kare varje dag och ditt budskap\/varum\u00e4rke kommer att visas f\u00f6r alla v\u00e5ra bes\u00f6kare.<\/p>\n<p>Entireweb \u00e4r en topp <strong>10 000 globala webbplatser<\/strong> med en Alexa-ranking p\u00e5 ca <strong>6,500<\/strong> och \u00f6kar f\u00f6r varje dag.<br \/>\nMed en <strong>Dom\u00e4nmyndighet \u00f6ver 50<\/strong>, f\u00e5r du h\u00f6gkvalitativt v\u00e4rde.<br \/>\n<a href=\"https:\/\/www.alexa.com\/siteinfo\/entireweb.com\" target=\"_blank\" rel=\"noopener\"><span style=\"text-decoration: underline;\"><strong>Alexa Ranking Data<\/strong><\/span><\/a><br \/>\n<span style=\"text-decoration: underline;\"><strong><a href=\"https:\/\/moz.com\/domain-analysis?site=entireweb.com\" target=\"_blank\" rel=\"noopener\">Dom\u00e4nbeh\u00f6righetsdata<\/a><\/strong><\/span><\/p>\n<p>Sponsrade artiklar prioriteras och kommer att ges nedan:<\/p>\n<ul>\n<li>Listad p\u00e5 v\u00e5r hemsida och upp till 3 kategorier.<\/li>\n<li>Upp till 3 g\u00f6r-f\u00f6lj-l\u00e4nkar i artikel- och f\u00f6rfattareinformation.<\/li>\n<li>Utvald bild<\/li>\n<li>Kan inkluderas i v\u00e5rt nyhetsbrev, som skickas varje vecka till mer \u00e4n 200 000 prenumeranter.<\/li>\n<\/ul>\n<p><strong><em>Om din artikel inte godk\u00e4nns kommer vi alltid att \u00e5terbetala din betalning<\/em><\/strong><\/p>","protected":false},"featured_media":557,"template":"","meta":{"_themeisle_gutenberg_block_has_review":false},"product_brand":[],"product_cat":[20],"product_tag":[],"class_list":{"0":"post-154","1":"product","2":"type-product","3":"status-publish","4":"has-post-thumbnail","6":"product_cat-guest-post","8":"first","9":"instock","10":"sale","11":"virtual","12":"sold-individually","13":"purchasable","14":"product-type-simple"},"jetpack_sharing_enabled":true,"_links":{"self":[{"href":"https:\/\/admarket.entireweb.com\/sv\/wp-json\/wp\/v2\/product\/154","targetHints":{"allow":["GET"]}}],"collection":[{"href":"https:\/\/admarket.entireweb.com\/sv\/wp-json\/wp\/v2\/product"}],"about":[{"href":"https:\/\/admarket.entireweb.com\/sv\/wp-json\/wp\/v2\/types\/product"}],"wp:featuredmedia":[{"embeddable":true,"href":"https:\/\/admarket.entireweb.com\/sv\/wp-json\/wp\/v2\/media\/557"}],"wp:attachment":[{"href":"https:\/\/admarket.entireweb.com\/sv\/wp-json\/wp\/v2\/media?parent=154"}],"wp:term":[{"taxonomy":"product_brand","embeddable":true,"href":"https:\/\/admarket.entireweb.com\/sv\/wp-json\/wp\/v2\/product_brand?post=154"},{"taxonomy":"product_cat","embeddable":true,"href":"https:\/\/admarket.entireweb.com\/sv\/wp-json\/wp\/v2\/product_cat?post=154"},{"taxonomy":"product_tag","embeddable":true,"href":"https:\/\/admarket.entireweb.com\/sv\/wp-json\/wp\/v2\/product_tag?post=154"}],"curies":[{"name":"wp","href":"https:\/\/api.w.org\/{rel}","templated":true}]}}