{"id":160,"date":"2021-01-13T10:20:20","date_gmt":"2021-01-13T09:20:20","guid":{"rendered":"http:\/\/18.209.29.120\/?post_type=product&#038;p=160"},"modified":"2021-10-28T19:12:46","modified_gmt":"2021-10-28T18:12:46","slug":"entireweb-directory-top-banner","status":"publish","type":"product","link":"https:\/\/admarket.entireweb.com\/sv\/produkt\/entireweb-directory-top-banner\/","title":{"rendered":"Hela webbkatalogen \u2013 r\u00e4tt plats (300\u00d7250)"},"content":{"rendered":"<p>Detta \u00e4r bannerannonsering p\u00e5 Entireweb Directory.<\/p>\n<p><strong>Din annons kommer att visas:<\/strong><br \/>\nR\u00e4tt plats p\u00e5 varje listningssida.<\/p>\n<p><strong>Annonsrestriktioner?\u00a0<\/strong>Inga annonser f\u00f6r vuxna. Endast h\u00f6gkvalitativa annonser som kan gynna m\u00e5lgruppen \u2013 webmaster och f\u00f6retagare.<br \/>\n<strong>Har den h\u00e4r webbplatsen n\u00e5got vuxet inneh\u00e5ll?\u00a0<\/strong>Nej<br \/>\n<strong>Webbplatsens spr\u00e5k:\u00a0<\/strong>engelsk<\/p>","protected":false},"excerpt":{"rendered":"<p><strong>* Pris per 30 dagars period<\/strong><\/p>","protected":false},"featured_media":485,"template":"","meta":{"_themeisle_gutenberg_block_has_review":false},"product_brand":[],"product_cat":[16],"product_tag":[],"class_list":{"0":"post-160","1":"product","2":"type-product","3":"status-publish","4":"has-post-thumbnail","6":"product_cat-banner-advertising","8":"first","9":"instock","10":"virtual","11":"purchasable","12":"product-type-simple"},"jetpack_sharing_enabled":true,"_links":{"self":[{"href":"https:\/\/admarket.entireweb.com\/sv\/wp-json\/wp\/v2\/product\/160","targetHints":{"allow":["GET"]}}],"collection":[{"href":"https:\/\/admarket.entireweb.com\/sv\/wp-json\/wp\/v2\/product"}],"about":[{"href":"https:\/\/admarket.entireweb.com\/sv\/wp-json\/wp\/v2\/types\/product"}],"wp:featuredmedia":[{"embeddable":true,"href":"https:\/\/admarket.entireweb.com\/sv\/wp-json\/wp\/v2\/media\/485"}],"wp:attachment":[{"href":"https:\/\/admarket.entireweb.com\/sv\/wp-json\/wp\/v2\/media?parent=160"}],"wp:term":[{"taxonomy":"product_brand","embeddable":true,"href":"https:\/\/admarket.entireweb.com\/sv\/wp-json\/wp\/v2\/product_brand?post=160"},{"taxonomy":"product_cat","embeddable":true,"href":"https:\/\/admarket.entireweb.com\/sv\/wp-json\/wp\/v2\/product_cat?post=160"},{"taxonomy":"product_tag","embeddable":true,"href":"https:\/\/admarket.entireweb.com\/sv\/wp-json\/wp\/v2\/product_tag?post=160"}],"curies":[{"name":"wp","href":"https:\/\/api.w.org\/{rel}","templated":true}]}}