{"id":161,"date":"2021-01-14T12:48:25","date_gmt":"2021-01-14T12:48:25","guid":{"rendered":"http:\/\/18.209.29.120\/?post_type=product&#038;p=161"},"modified":"2025-06-24T06:02:13","modified_gmt":"2025-06-24T05:02:13","slug":"entireweb-articles-top-spot-728x90","status":"publish","type":"product","link":"https:\/\/admarket.entireweb.com\/sv\/produkt\/entireweb-articles-top-spot-728x90\/","title":{"rendered":"Entireweb Articles \u2013 Toppbanner p\u00e5 alla sidor"},"content":{"rendered":"","protected":false},"excerpt":{"rendered":"<p><strong>* Pris per 30 dagars period<\/strong><\/p>\n<p>Din banner kommer att visas f\u00f6r tusentals bes\u00f6kare p\u00e5 Entireweb Articles.<\/p>\n<p><strong>Din annons kommer att visas:<\/strong><br \/>\nExempel: <a href=\"https:\/\/articles.entireweb.com\/searchengines\/google-adsense-rewarded-ad-gate-beta-program\/\" target=\"_blank\" rel=\"noopener\">https:\/\/articles.entireweb.com\/searchengines\/google-adsense-rewarded-ad-gate-beta-program\/<\/a><\/p>\n<p><strong>Annonsrestriktioner?\u00a0<\/strong>Inga annonser f\u00f6r vuxna. Endast h\u00f6gkvalitativa annonser som kan gynna m\u00e5lgruppen \u2013 webmaster och f\u00f6retagare.<br \/>\n<strong>Har den h\u00e4r webbplatsen n\u00e5got vuxet inneh\u00e5ll?\u00a0<\/strong>Nej<\/p>","protected":false},"featured_media":6624,"template":"","meta":{"_themeisle_gutenberg_block_has_review":false},"product_brand":[],"product_cat":[16],"product_tag":[],"class_list":{"0":"post-161","1":"product","2":"type-product","3":"status-publish","4":"has-post-thumbnail","6":"product_cat-banner-advertising","8":"first","9":"instock","10":"sale","11":"virtual","12":"sold-individually","13":"purchasable","14":"product-type-simple"},"jetpack_sharing_enabled":true,"_links":{"self":[{"href":"https:\/\/admarket.entireweb.com\/sv\/wp-json\/wp\/v2\/product\/161","targetHints":{"allow":["GET"]}}],"collection":[{"href":"https:\/\/admarket.entireweb.com\/sv\/wp-json\/wp\/v2\/product"}],"about":[{"href":"https:\/\/admarket.entireweb.com\/sv\/wp-json\/wp\/v2\/types\/product"}],"wp:featuredmedia":[{"embeddable":true,"href":"https:\/\/admarket.entireweb.com\/sv\/wp-json\/wp\/v2\/media\/6624"}],"wp:attachment":[{"href":"https:\/\/admarket.entireweb.com\/sv\/wp-json\/wp\/v2\/media?parent=161"}],"wp:term":[{"taxonomy":"product_brand","embeddable":true,"href":"https:\/\/admarket.entireweb.com\/sv\/wp-json\/wp\/v2\/product_brand?post=161"},{"taxonomy":"product_cat","embeddable":true,"href":"https:\/\/admarket.entireweb.com\/sv\/wp-json\/wp\/v2\/product_cat?post=161"},{"taxonomy":"product_tag","embeddable":true,"href":"https:\/\/admarket.entireweb.com\/sv\/wp-json\/wp\/v2\/product_tag?post=161"}],"curies":[{"name":"wp","href":"https:\/\/api.w.org\/{rel}","templated":true}]}}