{"id":162,"date":"2021-01-14T12:52:46","date_gmt":"2021-01-14T11:52:46","guid":{"rendered":"http:\/\/18.209.29.120\/?post_type=product&#038;p=162"},"modified":"2021-10-28T19:13:18","modified_gmt":"2021-10-28T18:13:18","slug":"entireweb-articles-inside-articles-300x250","status":"publish","type":"product","link":"https:\/\/admarket.entireweb.com\/sv\/produkt\/entireweb-articles-inside-articles-300x250\/","title":{"rendered":"Entireweb Articles \u2013 Banner inuti alla artiklar (300\u00d7250)"},"content":{"rendered":"","protected":false},"excerpt":{"rendered":"<p><strong>* Pris per 30 dagars period<\/strong><\/p>\n<p>Din banner kommer att visas f\u00f6r tusentals bes\u00f6kare p\u00e5 Entireweb Articles.<\/p>\n<p><strong>Din annons kommer att visas:<\/strong><br \/>\n728\u00d790 banner efter varje artikel.<br \/>\nExempel: <span style=\"text-decoration: underline;\"><a href=\"https:\/\/articles.entireweb.com\/2021\/01\/14\/google-sends-notifications-of-http-2-googlebot-crawling\/\" target=\"_blank\" rel=\"noopener\">https:\/\/articles.entireweb.com\/2021\/01\/14\/google-sends-notifications-of-http-2-googlebot-crawling\/<\/a><\/span><\/p>\n<p><strong>Annonsrestriktioner?\u00a0<\/strong>Inga annonser f\u00f6r vuxna. Endast h\u00f6gkvalitativa annonser som kan gynna m\u00e5lgruppen \u2013 webmaster och f\u00f6retagare.<br \/>\n<strong>Har den h\u00e4r webbplatsen n\u00e5got vuxet inneh\u00e5ll?\u00a0<\/strong>Nej<br \/>\n<strong>Webbplatsens spr\u00e5k:\u00a0<\/strong>engelsk<\/p>","protected":false},"featured_media":577,"template":"","meta":{"_themeisle_gutenberg_block_has_review":false},"product_brand":[],"product_cat":[16],"product_tag":[],"class_list":{"0":"post-162","1":"product","2":"type-product","3":"status-publish","4":"has-post-thumbnail","6":"product_cat-banner-advertising","8":"first","9":"instock","10":"virtual","11":"purchasable","12":"product-type-simple"},"jetpack_sharing_enabled":true,"_links":{"self":[{"href":"https:\/\/admarket.entireweb.com\/sv\/wp-json\/wp\/v2\/product\/162","targetHints":{"allow":["GET"]}}],"collection":[{"href":"https:\/\/admarket.entireweb.com\/sv\/wp-json\/wp\/v2\/product"}],"about":[{"href":"https:\/\/admarket.entireweb.com\/sv\/wp-json\/wp\/v2\/types\/product"}],"wp:featuredmedia":[{"embeddable":true,"href":"https:\/\/admarket.entireweb.com\/sv\/wp-json\/wp\/v2\/media\/577"}],"wp:attachment":[{"href":"https:\/\/admarket.entireweb.com\/sv\/wp-json\/wp\/v2\/media?parent=162"}],"wp:term":[{"taxonomy":"product_brand","embeddable":true,"href":"https:\/\/admarket.entireweb.com\/sv\/wp-json\/wp\/v2\/product_brand?post=162"},{"taxonomy":"product_cat","embeddable":true,"href":"https:\/\/admarket.entireweb.com\/sv\/wp-json\/wp\/v2\/product_cat?post=162"},{"taxonomy":"product_tag","embeddable":true,"href":"https:\/\/admarket.entireweb.com\/sv\/wp-json\/wp\/v2\/product_tag?post=162"}],"curies":[{"name":"wp","href":"https:\/\/api.w.org\/{rel}","templated":true}]}}