{"id":1812,"date":"2022-08-08T15:20:52","date_gmt":"2022-08-08T14:20:52","guid":{"rendered":"https:\/\/admarket.entireweb.com\/?post_type=product&#038;p=1812"},"modified":"2025-01-02T19:03:49","modified_gmt":"2025-01-02T18:03:49","slug":"speedyads-keyword-advertising","status":"publish","type":"product","link":"https:\/\/admarket.entireweb.com\/sv\/produkt\/speedyads-keyword-advertising\/","title":{"rendered":"SpeedyAds s\u00f6kordsannonsering"},"content":{"rendered":"<h3>Internets ledande Google Ads (Adwords) alternativ<\/h3>\n<p><strong>Kvalitetsannonsering till en l\u00e5g kostnad<\/strong><br \/>\nF\u00f6r endast $0.10 US per s\u00f6kord\/fras och dag* annonserar du f\u00f6r ditt f\u00f6retag i v\u00e5rt h\u00f6gkvalitativa n\u00e4tverk av s\u00f6kmotortrafik. (*minst 30 dagar)<\/p>\n<p><strong>Fast prismodell<\/strong><br \/>\nBetala aldrig f\u00f6r klick igen. Vi anv\u00e4nder en Flat Rate Pricing (FF) modell som inneb\u00e4r att du betalar ett fast pris per s\u00f6kord\/fras och m\u00e5nad.<\/p>\n<p><strong>Vi optimerar din kampanj<\/strong><br \/>\nV\u00e5rt team av experter guidar dig genom hela processen f\u00f6r att s\u00e4tta upp dina optimerade reklamkampanj(er).<\/p>","protected":false},"excerpt":{"rendered":"<h2 class=\"lead mb-2\">Prova v\u00e5r reklamplattform! Enkel registrering och flexibla kampanjer.<\/h2>\n<p class=\"lead mb-4\">Upplev f\u00f6rdelarna med v\u00e5r plattform. F\u00f6r <strong>endast $3 per s\u00f6kord<\/strong>, vi st\u00e4ller in allt \u00e5t dig. Efter betalning f\u00e5r du tillg\u00e5ng till ditt konto d\u00e4r du kan hantera dina kampanjer, se resultatstatistik, redigera och skapa nya kampanjer, annonser och s\u00f6kord.<\/p>\n<p>Detta \u00e4r idealiskt om du vill f\u00e5 trafik av h\u00f6g kvalitet till en l\u00e5g kostnad.<\/p>\n<ul>\n<li><strong>Prisv\u00e4rt intr\u00e4de<\/strong> \u2013 Prova v\u00e5r plattform f\u00f6r bara $3 per s\u00f6kord, s\u00e5 att du kan utforska dess potential utan stora f\u00f6rskottskostnader.<\/li>\n<li><strong>30-dagarskampanj<\/strong>\u00a0\u2013 Din kampanj p\u00e5g\u00e5r i 30 dagar, vilket ger dig gott om tid att se resultat och justera din strategi.<\/li>\n<li><strong>Full konto\u00e5tkomst<\/strong> \u2013 Efter betalning, hantera dina kampanjer i ett fullfj\u00e4drat konto d\u00e4r du kan se resultatet, skapa nya annonser och sp\u00e5ra dina framsteg.<\/li>\n<li><strong>Flexibel kampanjhantering<\/strong> \u2013 G\u00f6r \u00e4ndringar n\u00e4r som helst under kampanjen direkt i ditt konto.<\/li>\n<li><strong>Enkel installation<\/strong> \u2013 Vi sk\u00f6ter alla installationer, s\u00e5 att du kan fokusera p\u00e5 din verksamhet och b\u00f6rja se trafik snabbt.<\/li>\n<li><strong>Perfekt f\u00f6r testning<\/strong> \u2013 Idealisk f\u00f6r att testa v\u00e5r plattform utan l\u00e5ngsiktiga \u00e5taganden, vilket hj\u00e4lper dig att fatta ett v\u00e4lgrundat beslut innan du skalar upp.<\/li>\n<\/ul>\n<p>* Om du redan har ett konto i din e-postadress kommer en ny kampanj att l\u00e4ggas till det<\/p>","protected":false},"featured_media":1422,"template":"","meta":{"_themeisle_gutenberg_block_has_review":false},"product_brand":[],"product_cat":[173],"product_tag":[],"class_list":{"0":"post-1812","1":"product","2":"type-product","3":"status-publish","4":"has-post-thumbnail","6":"product_cat-keyword-advertising","8":"first","9":"instock","10":"sold-individually","11":"shipping-taxable","12":"purchasable","13":"product-type-variable-subscription","14":"has-default-attributes"},"jetpack_sharing_enabled":true,"_links":{"self":[{"href":"https:\/\/admarket.entireweb.com\/sv\/wp-json\/wp\/v2\/product\/1812","targetHints":{"allow":["GET"]}}],"collection":[{"href":"https:\/\/admarket.entireweb.com\/sv\/wp-json\/wp\/v2\/product"}],"about":[{"href":"https:\/\/admarket.entireweb.com\/sv\/wp-json\/wp\/v2\/types\/product"}],"wp:featuredmedia":[{"embeddable":true,"href":"https:\/\/admarket.entireweb.com\/sv\/wp-json\/wp\/v2\/media\/1422"}],"wp:attachment":[{"href":"https:\/\/admarket.entireweb.com\/sv\/wp-json\/wp\/v2\/media?parent=1812"}],"wp:term":[{"taxonomy":"product_brand","embeddable":true,"href":"https:\/\/admarket.entireweb.com\/sv\/wp-json\/wp\/v2\/product_brand?post=1812"},{"taxonomy":"product_cat","embeddable":true,"href":"https:\/\/admarket.entireweb.com\/sv\/wp-json\/wp\/v2\/product_cat?post=1812"},{"taxonomy":"product_tag","embeddable":true,"href":"https:\/\/admarket.entireweb.com\/sv\/wp-json\/wp\/v2\/product_tag?post=1812"}],"curies":[{"name":"wp","href":"https:\/\/api.w.org\/{rel}","templated":true}]}}