{"id":3782,"date":"2022-10-18T14:01:33","date_gmt":"2022-10-18T13:01:33","guid":{"rendered":"https:\/\/admarket.entireweb.com\/?post_type=product&#038;p=3782"},"modified":"2024-03-17T20:24:49","modified_gmt":"2024-03-17T19:24:49","slug":"speedylinks-link-insertion-subscription","status":"publish","type":"product","link":"https:\/\/admarket.entireweb.com\/sv\/produkt\/speedylinks-link-insertion-subscription\/","title":{"rendered":"SpeedyLinks \u2013 Link Insertion (m\u00e5nadsprenumeration)"},"content":{"rendered":"<p>L\u00e4nkins\u00e4ttningar fungerar snabbare \u00e4n andra l\u00e4nkbyggande strategier. Normalt sett m\u00e5ste du skapa nytt inneh\u00e5ll, publicera det och sedan v\u00e4nta p\u00e5 att folk ska hitta och l\u00e4nka till det (eller be dem l\u00e4nka).<\/p>\n<p>Processen g\u00e5r mycket snabbare med l\u00e4nkinfogningar eftersom inneh\u00e5llet redan finns p\u00e5 v\u00e5ra webbsidor. Du beh\u00f6ver inte skapa eller publicera n\u00e5got. Vi l\u00e4gger till din l\u00e4nk i v\u00e5r\u00a0<a href=\"https:\/\/articles.entireweb.com\">15 000+ artikelplattform<\/a> (<strong>DA 50+<\/strong>) kopplat till det eller de s\u00f6kord som du har k\u00f6pt.<\/p>\n<p>Konceptet \u00e4r enkelt: vi infogar din l\u00e4nk i br\u00f6dtexten i alla v\u00e5ra artiklar och nyheter. N\u00e4r inneh\u00e5llet har publicerats kr\u00e4vs inget ytterligare underh\u00e5ll.<\/p>","protected":false},"excerpt":{"rendered":"<p>L\u00e4nkinfogningar \u00e4r ett bra s\u00e4tt att snabbt bygga l\u00e4nkar. Ist\u00e4llet f\u00f6r att skapa nytt inneh\u00e5ll l\u00e4gger du helt enkelt till din l\u00e4nk till v\u00e5ra befintliga webbsidor p\u00e5 v\u00e5ra\u00a0<a href=\"https:\/\/articles.entireweb.com\">20 000+ artikelplattform<\/a> (<strong>DA 50+<\/strong>), kopplat till ett valfritt s\u00f6kord med en fras.<\/p>\n<ol>\n<li>V\u00e4lj vilka s\u00f6kord du vill ha l\u00e4nkat till din webbplats<\/li>\n<li>Vi st\u00e4ller in din kampanj och dina s\u00f6kord kommer att l\u00e4nkas till din webbplats<\/li>\n<li>B\u00f6rja f\u00e5 trafik och \u00f6ka din dom\u00e4nauktoritet<\/li>\n<\/ol>\n<p><em>Om ditt s\u00f6kord till exempel ing\u00e5r i 500 artiklar f\u00e5r du automatiskt minst 500 bak\u00e5tl\u00e4nkar till din sida, inklusive trafik.<\/em><\/p>","protected":false},"featured_media":1284,"template":"","meta":{"_themeisle_gutenberg_block_has_review":false},"product_brand":[],"product_cat":[181],"product_tag":[],"class_list":{"0":"post-3782","1":"product","2":"type-product","3":"status-publish","4":"has-post-thumbnail","6":"product_cat-link-advertising","8":"first","9":"instock","10":"sale","11":"sold-individually","12":"shipping-taxable","13":"purchasable","14":"product-type-variable-subscription","15":"has-default-attributes"},"jetpack_sharing_enabled":true,"_links":{"self":[{"href":"https:\/\/admarket.entireweb.com\/sv\/wp-json\/wp\/v2\/product\/3782","targetHints":{"allow":["GET"]}}],"collection":[{"href":"https:\/\/admarket.entireweb.com\/sv\/wp-json\/wp\/v2\/product"}],"about":[{"href":"https:\/\/admarket.entireweb.com\/sv\/wp-json\/wp\/v2\/types\/product"}],"wp:featuredmedia":[{"embeddable":true,"href":"https:\/\/admarket.entireweb.com\/sv\/wp-json\/wp\/v2\/media\/1284"}],"wp:attachment":[{"href":"https:\/\/admarket.entireweb.com\/sv\/wp-json\/wp\/v2\/media?parent=3782"}],"wp:term":[{"taxonomy":"product_brand","embeddable":true,"href":"https:\/\/admarket.entireweb.com\/sv\/wp-json\/wp\/v2\/product_brand?post=3782"},{"taxonomy":"product_cat","embeddable":true,"href":"https:\/\/admarket.entireweb.com\/sv\/wp-json\/wp\/v2\/product_cat?post=3782"},{"taxonomy":"product_tag","embeddable":true,"href":"https:\/\/admarket.entireweb.com\/sv\/wp-json\/wp\/v2\/product_tag?post=3782"}],"curies":[{"name":"wp","href":"https:\/\/api.w.org\/{rel}","templated":true}]}}