{"id":574,"date":"2021-04-07T20:24:55","date_gmt":"2021-04-07T19:24:55","guid":{"rendered":"https:\/\/admarket.entireweb.com\/?post_type=product&#038;p=574"},"modified":"2021-10-28T19:14:09","modified_gmt":"2021-10-28T18:14:09","slug":"entireweb-articles-bottom-spot-728x90","status":"publish","type":"product","link":"https:\/\/admarket.entireweb.com\/sv\/produkt\/entireweb-articles-bottom-spot-728x90\/","title":{"rendered":"Entireweb Articles \u2013 Bottenbanner p\u00e5 alla sidor (728\u00d790)"},"content":{"rendered":"<p>Din banner kommer att visas f\u00f6r tusentals bes\u00f6kare p\u00e5 Entireweb Articles.<\/p>\n<p><strong>Din annons kommer att visas:<\/strong><br \/>\n728\u00d790 bottenbanner p\u00e5 alla sidor, inuti artiklar<br \/>\nExempel: <strong><a href=\"https:\/\/articles.entireweb.com\/2021\/02\/22\/50-web-tools-services-highly-recommended-in-2021\/\">https:\/\/articles.entireweb.com\/2021\/02\/22\/50-web-tools-services-highly-recommended-in-2021\/<\/a><\/strong><\/p>\n<p><strong>Annonsrestriktioner?\u00a0<\/strong>Inga annonser f\u00f6r vuxna. Endast h\u00f6gkvalitativa annonser som kan gynna m\u00e5lgruppen \u2013 webmaster och f\u00f6retagare.<br \/>\n<strong>Har den h\u00e4r webbplatsen n\u00e5got vuxet inneh\u00e5ll?\u00a0<\/strong>Nej<br \/>\n<strong>Webbplatsens spr\u00e5k:\u00a0<\/strong>engelsk<\/p>","protected":false},"excerpt":{"rendered":"<p><strong>* Pris per 30 dagars period<\/strong><\/p>","protected":false},"featured_media":266,"template":"","meta":{"_themeisle_gutenberg_block_has_review":false},"product_brand":[],"product_cat":[16],"product_tag":[],"class_list":{"0":"post-574","1":"product","2":"type-product","3":"status-publish","4":"has-post-thumbnail","6":"product_cat-banner-advertising","8":"first","9":"instock","10":"virtual","11":"purchasable","12":"product-type-simple"},"jetpack_sharing_enabled":true,"_links":{"self":[{"href":"https:\/\/admarket.entireweb.com\/sv\/wp-json\/wp\/v2\/product\/574","targetHints":{"allow":["GET"]}}],"collection":[{"href":"https:\/\/admarket.entireweb.com\/sv\/wp-json\/wp\/v2\/product"}],"about":[{"href":"https:\/\/admarket.entireweb.com\/sv\/wp-json\/wp\/v2\/types\/product"}],"wp:featuredmedia":[{"embeddable":true,"href":"https:\/\/admarket.entireweb.com\/sv\/wp-json\/wp\/v2\/media\/266"}],"wp:attachment":[{"href":"https:\/\/admarket.entireweb.com\/sv\/wp-json\/wp\/v2\/media?parent=574"}],"wp:term":[{"taxonomy":"product_brand","embeddable":true,"href":"https:\/\/admarket.entireweb.com\/sv\/wp-json\/wp\/v2\/product_brand?post=574"},{"taxonomy":"product_cat","embeddable":true,"href":"https:\/\/admarket.entireweb.com\/sv\/wp-json\/wp\/v2\/product_cat?post=574"},{"taxonomy":"product_tag","embeddable":true,"href":"https:\/\/admarket.entireweb.com\/sv\/wp-json\/wp\/v2\/product_tag?post=574"}],"curies":[{"name":"wp","href":"https:\/\/api.w.org\/{rel}","templated":true}]}}