{"id":593,"date":"2021-05-30T23:10:49","date_gmt":"2021-05-30T22:10:49","guid":{"rendered":"https:\/\/admarket.entireweb.com\/?post_type=product&#038;p=593"},"modified":"2023-04-30T13:43:47","modified_gmt":"2023-04-30T12:43:47","slug":"solo-deals","status":"publish","type":"product","link":"https:\/\/admarket.entireweb.com\/sv\/produkt\/solo-deals\/","title":{"rendered":"Droppmatning"},"content":{"rendered":"","protected":false},"excerpt":{"rendered":"<h2 class=\"product_title entry-title\">Alla klick $0.50<\/h2>\n<p>Alla e-postmeddelanden levereras baserat p\u00e5 prenumerantaktivitet. N\u00e4r en prenumerant g\u00f6r en anm\u00e4lan eller n\u00e5gon annan aktivitet kommer vi att skicka din e-post.<\/p>\n<p>Dessa kampanjer \u00e4r riktigt bra och vi ser riktigt h\u00f6ga konverteringsfrekvenser.<\/p>\n<p>* <strong><em>Om ditt inneh\u00e5ll inte godk\u00e4nns kommer vi alltid att \u00e5terbetala din betalning<\/em><\/strong><\/p>","protected":false},"featured_media":7514,"template":"","meta":{"_themeisle_gutenberg_block_has_review":false},"product_brand":[],"product_cat":[21],"product_tag":[],"class_list":{"0":"post-593","1":"product","2":"type-product","3":"status-publish","4":"has-post-thumbnail","6":"product_cat-solomail","8":"first","9":"instock","10":"virtual","11":"sold-individually","12":"purchasable","13":"product-type-simple"},"jetpack_sharing_enabled":true,"_links":{"self":[{"href":"https:\/\/admarket.entireweb.com\/sv\/wp-json\/wp\/v2\/product\/593","targetHints":{"allow":["GET"]}}],"collection":[{"href":"https:\/\/admarket.entireweb.com\/sv\/wp-json\/wp\/v2\/product"}],"about":[{"href":"https:\/\/admarket.entireweb.com\/sv\/wp-json\/wp\/v2\/types\/product"}],"wp:featuredmedia":[{"embeddable":true,"href":"https:\/\/admarket.entireweb.com\/sv\/wp-json\/wp\/v2\/media\/7514"}],"wp:attachment":[{"href":"https:\/\/admarket.entireweb.com\/sv\/wp-json\/wp\/v2\/media?parent=593"}],"wp:term":[{"taxonomy":"product_brand","embeddable":true,"href":"https:\/\/admarket.entireweb.com\/sv\/wp-json\/wp\/v2\/product_brand?post=593"},{"taxonomy":"product_cat","embeddable":true,"href":"https:\/\/admarket.entireweb.com\/sv\/wp-json\/wp\/v2\/product_cat?post=593"},{"taxonomy":"product_tag","embeddable":true,"href":"https:\/\/admarket.entireweb.com\/sv\/wp-json\/wp\/v2\/product_tag?post=593"}],"curies":[{"name":"wp","href":"https:\/\/api.w.org\/{rel}","templated":true}]}}