{"id":824,"date":"2021-09-06T14:06:27","date_gmt":"2021-09-06T13:06:27","guid":{"rendered":"https:\/\/admarket.entireweb.com\/?post_type=product&#038;p=824"},"modified":"2022-07-15T16:16:56","modified_gmt":"2022-07-15T15:16:56","slug":"instant-indexing","status":"publish","type":"product","link":"https:\/\/admarket.entireweb.com\/sv\/produkt\/instant-indexing\/","title":{"rendered":"Omedelbar indexering"},"content":{"rendered":"<h3>F\u00e5 h\u00f6gre ranking<\/h3>\n<p>Alla dina webbsidor kommer att inkluderas i det stora s\u00f6kn\u00e4tverket Entireweb och din ranking kommer att \u00f6ka direkt. Perfekt om du vill att din webbplats ska f\u00e5 mer trafik och f\u00f6rs\u00e4ljning.<\/p>\n<h3>Omedelbar notering och daglig genoms\u00f6kning<\/h3>\n<p>Tv\u00e5 av de viktigaste funktionerna i den h\u00e4r tj\u00e4nsten \u00e4r att du f\u00e5r din webbplats listad inom n\u00e5gra sekunder efter din inl\u00e4mning. Alla dessa webbsidor kommer ocks\u00e5 att uppdateras varje dag.<\/p>\n<h3>G\u00e5 med i tusentals webbansvariga<\/h3>\n<p>Dina webbsidor kommer att inkluderas i det stora s\u00f6kn\u00e4tverket Entireweb och din ranking kommer att \u00f6ka omedelbart. Perfekt om du vill att din webbplats ska f\u00e5 mer trafik och f\u00f6rs\u00e4ljning.<\/p>","protected":false},"excerpt":{"rendered":"<ol>\n<li>F\u00e5 h\u00f6gre ranking<\/li>\n<li>Omedelbar notering och daglig genoms\u00f6kning<\/li>\n<li>G\u00e5 med i tusentals webbansvariga<\/li>\n<\/ol>\n<p>Omedelbart efter att du har registrerat dig f\u00f6r den h\u00e4r tj\u00e4nsten skickar vi ut v\u00e5r s\u00f6krobot till din webbplats. Den kommer att genoms\u00f6ka och indexera (l\u00e4gga till i s\u00f6kmotorn) din webbplats och l\u00e4gga till dina sidor i s\u00f6kn\u00e4tverket p\u00e5 Entireweb.<\/p>","protected":false},"featured_media":825,"template":"","meta":{"_themeisle_gutenberg_block_has_review":false},"product_brand":[],"product_cat":[181],"product_tag":[],"class_list":{"0":"post-824","1":"product","2":"type-product","3":"status-publish","4":"has-post-thumbnail","6":"product_cat-link-advertising","8":"first","9":"instock","10":"virtual","11":"sold-individually","12":"purchasable","13":"product-type-simple"},"jetpack_sharing_enabled":true,"_links":{"self":[{"href":"https:\/\/admarket.entireweb.com\/sv\/wp-json\/wp\/v2\/product\/824","targetHints":{"allow":["GET"]}}],"collection":[{"href":"https:\/\/admarket.entireweb.com\/sv\/wp-json\/wp\/v2\/product"}],"about":[{"href":"https:\/\/admarket.entireweb.com\/sv\/wp-json\/wp\/v2\/types\/product"}],"wp:featuredmedia":[{"embeddable":true,"href":"https:\/\/admarket.entireweb.com\/sv\/wp-json\/wp\/v2\/media\/825"}],"wp:attachment":[{"href":"https:\/\/admarket.entireweb.com\/sv\/wp-json\/wp\/v2\/media?parent=824"}],"wp:term":[{"taxonomy":"product_brand","embeddable":true,"href":"https:\/\/admarket.entireweb.com\/sv\/wp-json\/wp\/v2\/product_brand?post=824"},{"taxonomy":"product_cat","embeddable":true,"href":"https:\/\/admarket.entireweb.com\/sv\/wp-json\/wp\/v2\/product_cat?post=824"},{"taxonomy":"product_tag","embeddable":true,"href":"https:\/\/admarket.entireweb.com\/sv\/wp-json\/wp\/v2\/product_tag?post=824"}],"curies":[{"name":"wp","href":"https:\/\/api.w.org\/{rel}","templated":true}]}}