{"id":95,"date":"2021-01-11T13:49:13","date_gmt":"2021-01-11T12:49:13","guid":{"rendered":"http:\/\/18.209.29.120\/?post_type=product&#038;p=95"},"modified":"2025-01-02T19:20:58","modified_gmt":"2025-01-02T18:20:58","slug":"entireweb-free-submission-top","status":"publish","type":"product","link":"https:\/\/admarket.entireweb.com\/sv\/produkt\/entireweb-free-submission-top\/","title":{"rendered":"Gratis inl\u00e4mning p\u00e5 hela webben (\u00f6verst)"},"content":{"rendered":"","protected":false},"excerpt":{"rendered":"<p><strong>* Pris per 30 dagars period<\/strong><\/p>\n<p>Detta \u00e4r den kostnadsfria inl\u00e4mningssidan d\u00e4r sj\u00e4lva inl\u00e4mningen sker f\u00f6r en anv\u00e4ndare.<\/p>\n<p>Uppskattad Visningar: 50 000<br \/>\nGenomsnittlig CTR: 2% \u2013 3%<\/p>\n<p><strong>Din annons kommer att visas:<\/strong><br \/>\n\u00d6versta bannern p\u00e5 sidan<br \/>\nExempel:\u00a0<span style=\"text-decoration: underline;\"><a href=\"http:\/\/entireweb.com\/free_submission\/go\/?ezid=c65908f50b793ebeb448f7c2b2d22a83&amp;em=y\" target=\"_blank\" rel=\"noopener\">https:\/\/www.entireweb.com\/free_submission\/go\/<\/a><\/span><\/p>\n<p><strong>Annonsrestriktioner?\u00a0<\/strong>Inga annonser f\u00f6r vuxna. Endast h\u00f6gkvalitativa annonser som kan gynna m\u00e5lgruppen \u2013 webmaster och f\u00f6retagare.<\/p>\n<p><strong>Har den h\u00e4r webbplatsen n\u00e5got vuxet inneh\u00e5ll?\u00a0<\/strong>Nej<br \/>\n<strong>Webbplatsens spr\u00e5k:\u00a0<\/strong>engelsk<\/p>\n<p><span class=\"title\">* Annonsen kommer att rotera med andra annonser. (Max 3 banners)<\/span><\/p>","protected":false},"featured_media":96,"template":"","meta":{"_themeisle_gutenberg_block_has_review":false},"product_brand":[],"product_cat":[16],"product_tag":[],"class_list":{"0":"post-95","1":"product","2":"type-product","3":"status-publish","4":"has-post-thumbnail","6":"product_cat-banner-advertising","8":"first","9":"instock","10":"sale","11":"virtual","12":"purchasable","13":"product-type-simple"},"jetpack_sharing_enabled":true,"_links":{"self":[{"href":"https:\/\/admarket.entireweb.com\/sv\/wp-json\/wp\/v2\/product\/95","targetHints":{"allow":["GET"]}}],"collection":[{"href":"https:\/\/admarket.entireweb.com\/sv\/wp-json\/wp\/v2\/product"}],"about":[{"href":"https:\/\/admarket.entireweb.com\/sv\/wp-json\/wp\/v2\/types\/product"}],"wp:featuredmedia":[{"embeddable":true,"href":"https:\/\/admarket.entireweb.com\/sv\/wp-json\/wp\/v2\/media\/96"}],"wp:attachment":[{"href":"https:\/\/admarket.entireweb.com\/sv\/wp-json\/wp\/v2\/media?parent=95"}],"wp:term":[{"taxonomy":"product_brand","embeddable":true,"href":"https:\/\/admarket.entireweb.com\/sv\/wp-json\/wp\/v2\/product_brand?post=95"},{"taxonomy":"product_cat","embeddable":true,"href":"https:\/\/admarket.entireweb.com\/sv\/wp-json\/wp\/v2\/product_cat?post=95"},{"taxonomy":"product_tag","embeddable":true,"href":"https:\/\/admarket.entireweb.com\/sv\/wp-json\/wp\/v2\/product_tag?post=95"}],"curies":[{"name":"wp","href":"https:\/\/api.w.org\/{rel}","templated":true}]}}