{"id":97,"date":"2021-01-11T13:53:46","date_gmt":"2021-01-11T12:53:46","guid":{"rendered":"http:\/\/18.209.29.120\/?post_type=product&#038;p=97"},"modified":"2021-10-28T19:12:34","modified_gmt":"2021-10-28T18:12:34","slug":"entireweb-free-submission-confirmation-page","status":"publish","type":"product","link":"https:\/\/admarket.entireweb.com\/sv\/produkt\/entireweb-free-submission-confirmation-page\/","title":{"rendered":"Helwebbbekr\u00e4ftelse (300\u00d7250)"},"content":{"rendered":"<p>Detta \u00e4r standard bannerannonsering p\u00e5 den kostnadsfria inl\u00e4mningssidan d\u00e4r sj\u00e4lva inl\u00e4mningen sker f\u00f6r en anv\u00e4ndare.<\/p>\n<p>Uppskattad Visningar: 10 000<br \/>\nGenomsnittlig CTR: 3% \u2013 5%<\/p>\n<p><strong>Din annons kommer att visas:<\/strong><br \/>\n300\u00d7250 \u2013 Banderoll till h\u00f6ger p\u00e5 sidan (300\u00d7250)<br \/>\nExempel:\u00a0<a href=\"https:\/\/www.entireweb.com\/free_submission\/sent\/?email=name@email.com\" target=\"_blank\" rel=\"noopener\">https:\/\/www.entireweb.com\/free_submission\/sent\/<\/a><\/p>\n<p><strong>Annonsrestriktioner?\u00a0<\/strong>Inga annonser f\u00f6r vuxna. Endast h\u00f6gkvalitativa annonser som kan gynna m\u00e5lgruppen \u2013 webmaster och f\u00f6retagare.<\/p>\n<p><strong>Har den h\u00e4r webbplatsen n\u00e5got vuxet inneh\u00e5ll?\u00a0<\/strong>Nej<br \/>\n<strong>Webbplatsens spr\u00e5k:\u00a0<\/strong>engelsk<\/p>","protected":false},"excerpt":{"rendered":"<p><strong>* Pris per 30 dagars period<\/strong><\/p>","protected":false},"featured_media":98,"template":"","meta":{"_themeisle_gutenberg_block_has_review":false},"product_brand":[],"product_cat":[16],"product_tag":[],"class_list":{"0":"post-97","1":"product","2":"type-product","3":"status-publish","4":"has-post-thumbnail","6":"product_cat-banner-advertising","8":"first","9":"instock","10":"virtual","11":"purchasable","12":"product-type-simple"},"jetpack_sharing_enabled":true,"_links":{"self":[{"href":"https:\/\/admarket.entireweb.com\/sv\/wp-json\/wp\/v2\/product\/97","targetHints":{"allow":["GET"]}}],"collection":[{"href":"https:\/\/admarket.entireweb.com\/sv\/wp-json\/wp\/v2\/product"}],"about":[{"href":"https:\/\/admarket.entireweb.com\/sv\/wp-json\/wp\/v2\/types\/product"}],"wp:featuredmedia":[{"embeddable":true,"href":"https:\/\/admarket.entireweb.com\/sv\/wp-json\/wp\/v2\/media\/98"}],"wp:attachment":[{"href":"https:\/\/admarket.entireweb.com\/sv\/wp-json\/wp\/v2\/media?parent=97"}],"wp:term":[{"taxonomy":"product_brand","embeddable":true,"href":"https:\/\/admarket.entireweb.com\/sv\/wp-json\/wp\/v2\/product_brand?post=97"},{"taxonomy":"product_cat","embeddable":true,"href":"https:\/\/admarket.entireweb.com\/sv\/wp-json\/wp\/v2\/product_cat?post=97"},{"taxonomy":"product_tag","embeddable":true,"href":"https:\/\/admarket.entireweb.com\/sv\/wp-json\/wp\/v2\/product_tag?post=97"}],"curies":[{"name":"wp","href":"https:\/\/api.w.org\/{rel}","templated":true}]}}